{"id":7575,"date":"2025-08-07T19:47:43","date_gmt":"2025-08-07T17:47:43","guid":{"rendered":"https:\/\/eltriunfo.com\/?page_id=7575"},"modified":"2026-01-23T15:21:15","modified_gmt":"2026-01-23T13:21:15","slug":"trabaja-con-nosotros","status":"publish","type":"page","link":"https:\/\/eltriunfo.com\/en\/trabaja-con-nosotros\/","title":{"rendered":"Trabaja con Nosotros"},"content":{"rendered":"\t\t<div data-elementor-type=\"wp-page\" data-elementor-id=\"7575\" class=\"elementor elementor-7575\" data-elementor-post-type=\"page\">\n\t\t\t\t<div class=\"elementor-element elementor-element-a915c17 elementor-hidden-mobile e-flex e-con-boxed parallax_section_no qode_elementor_container_no e-con e-parent\" data-id=\"a915c17\" data-element_type=\"container\" data-e-type=\"container\">\n\t\t\t\t\t<div class=\"e-con-inner\">\n\t\t\t\t<div class=\"elementor-element elementor-element-e5e42ef elementor-widget elementor-widget-image\" data-id=\"e5e42ef\" data-element_type=\"widget\" data-e-type=\"widget\" data-widget_type=\"image.default\">\n\t\t\t\t\t\t\t\t\t\t\t\t\t\t\t<img fetchpriority=\"high\" decoding=\"async\" width=\"1920\" height=\"480\" src=\"https:\/\/eltriunfo.com\/wp-content\/uploads\/2026\/01\/hombre-de-negocios-.jpg\" class=\"attachment-2048x2048 size-2048x2048 wp-image-15203\" alt=\"\" srcset=\"https:\/\/eltriunfo.com\/wp-content\/uploads\/2026\/01\/hombre-de-negocios-.jpg 1920w, https:\/\/eltriunfo.com\/wp-content\/uploads\/2026\/01\/hombre-de-negocios--300x75.jpg 300w, https:\/\/eltriunfo.com\/wp-content\/uploads\/2026\/01\/hombre-de-negocios--1024x256.jpg 1024w, https:\/\/eltriunfo.com\/wp-content\/uploads\/2026\/01\/hombre-de-negocios--768x192.jpg 768w, https:\/\/eltriunfo.com\/wp-content\/uploads\/2026\/01\/hombre-de-negocios--1536x384.jpg 1536w, https:\/\/eltriunfo.com\/wp-content\/uploads\/2026\/01\/hombre-de-negocios--18x5.jpg 18w, https:\/\/eltriunfo.com\/wp-content\/uploads\/2026\/01\/hombre-de-negocios--700x175.jpg 700w\" sizes=\"(max-width: 1920px) 100vw, 1920px\" \/>\t\t\t\t\t\t\t\t\t\t\t\t\t\t\t<\/div>\n\t\t\t\t<div class=\"elementor-element elementor-element-5035c38 elementor-widget elementor-widget-heading\" data-id=\"5035c38\" data-element_type=\"widget\" data-e-type=\"widget\" data-widget_type=\"heading.default\">\n\t\t\t\t\t<h2 class=\"elementor-heading-title elementor-size-default\">TRABAJA CON NOSOTROS<\/h2>\t\t\t\t<\/div>\n\t\t\t\t\t<\/div>\n\t\t\t\t<\/div>\n\t\t<div class=\"elementor-element elementor-element-a717185 elementor-hidden-desktop elementor-hidden-tablet e-flex e-con-boxed parallax_section_no qode_elementor_container_no e-con e-parent\" data-id=\"a717185\" data-element_type=\"container\" data-e-type=\"container\" data-settings=\"{&quot;background_background&quot;:&quot;classic&quot;}\">\n\t\t\t\t\t<div class=\"e-con-inner\">\n\t\t\t\t<div class=\"elementor-element elementor-element-771bda5 elementor-widget elementor-widget-heading\" data-id=\"771bda5\" data-element_type=\"widget\" data-e-type=\"widget\" data-widget_type=\"heading.default\">\n\t\t\t\t\t<h2 class=\"elementor-heading-title elementor-size-default\">TRABAJA CON NOSOTROS<\/h2>\t\t\t\t<\/div>\n\t\t\t\t\t<\/div>\n\t\t\t\t<\/div>\n\t\t<div class=\"elementor-element elementor-element-17c97e0 e-flex e-con-boxed parallax_section_no qode_elementor_container_no e-con e-parent\" data-id=\"17c97e0\" data-element_type=\"container\" data-e-type=\"container\">\n\t\t\t\t\t<div class=\"e-con-inner\">\n\t\t<div class=\"elementor-element elementor-element-75f570b e-con-full e-flex parallax_section_no qode_elementor_container_no e-con e-child\" data-id=\"75f570b\" data-element_type=\"container\" data-e-type=\"container\">\n\t\t<div class=\"elementor-element elementor-element-45b2944 e-con-full e-flex parallax_section_no qode_elementor_container_no e-con e-child\" data-id=\"45b2944\" data-element_type=\"container\" data-e-type=\"container\">\n\t\t\t\t<div class=\"elementor-element elementor-element-c54987b elementor-widget-mobile__width-initial elementor-widget elementor-widget-text-editor\" data-id=\"c54987b\" data-element_type=\"widget\" data-e-type=\"widget\" data-widget_type=\"text-editor.default\">\n\t\t\t\t\t\t\t\t\t<span style=\"color: #000000;\">En El Triunfo Corporation, creemos en el talento hispano. Nuestra firma crece al ritmo que evolucionan los negocios y las necesidades de nuestra comunidad en Estados Unidos. Por eso, buscamos personas comprometidas, profesionales y con visi\u00f3n de futuro.\n\nNuestros clientes conf\u00edan en nosotros para recibir soluciones reales que impulsen sus finanzas, sus empresas y sus sue\u00f1os. Eso solo es posible gracias al equipo que formamos: personas preparadas, apasionadas y dispuestas a marcar la diferencia.\n<\/span>\t\t\t\t\t\t\t\t<\/div>\n\t\t\t\t<\/div>\n\t\t\t\t<\/div>\n\t\t\t\t\t<\/div>\n\t\t\t\t<\/div>\n\t\t<div class=\"elementor-element elementor-element-9416a0a e-grid e-con-boxed parallax_section_no qode_elementor_container_no e-con e-parent\" data-id=\"9416a0a\" data-element_type=\"container\" data-e-type=\"container\" data-settings=\"{&quot;background_background&quot;:&quot;classic&quot;}\">\n\t\t\t\t\t<div class=\"e-con-inner\">\n\t\t\t\t<div class=\"elementor-element elementor-element-db2ecd3 elementor-widget elementor-widget-bridge_team\" data-id=\"db2ecd3\" data-element_type=\"widget\" data-e-type=\"widget\" data-widget_type=\"bridge_team.default\">\n\t\t\t\t<div class=\"elementor-widget-container\">\n\t\t\t\t\t<div class=\"q_team\" ><div class=\"q_team_inner\"><div class=\"q_team_image\"><img decoding=\"async\" itemprop=\"image\" src=\"https:\/\/eltriunfo.com\/wp-content\/uploads\/2025\/08\/empresa-scaled-e1756487019285.jpg\" alt=\"empresa\" \/><div class='q_team_description_wrapper'><div class='q_team_description'><div class='q_team_description_inner'><p><span style=\"color:black;font-family: Hind, Sans-serif;font-size: 16px!important;font-weight: 400;line-height: 1.4em;letter-spacing: 0\">Creamos un ambiente de trabajo que fomenta el crecimiento profesional y el bienestar de todas las personas. <\/br><\/br>\n<ul style=\"text-align: left\">\n<li> Flexibilidad y equilibrio entre trabajo y vida personal<\/li>\n<li> Ambiente de trabajo respetuoso, cercano y colaborativo<\/li>\n<li> Oportunidades de desarrollo y formaci\u00f3n continua<\/li>\n<li> Diversidad de clientes y sectores para seguir creciendo profesionalmente<\/li>\n<li> Un equipo con valores, comprometido con la comunidad hispana<\/li><\/ul>\n<\/span><\/p><\/div><\/div><\/div><\/div><div class='q_team_text' ><div class=\"q_team_text_inner\"><div class=\"q_team_title_holder\"><h6 class=\"q_team_name\" style=\"color: #FFFFFF\">\u00bf QU\u00c9 OFRECEMOS ?<\/h6><\/div><\/div><div class='q_team_social_holder'><\/div><\/div><\/div><\/div>\t\t\t\t<\/div>\n\t\t\t\t<\/div>\n\t\t\t\t<div class=\"elementor-element elementor-element-e08cf8e elementor-widget elementor-widget-bridge_team\" data-id=\"e08cf8e\" data-element_type=\"widget\" data-e-type=\"widget\" data-widget_type=\"bridge_team.default\">\n\t\t\t\t<div class=\"elementor-widget-container\">\n\t\t\t\t\t<div class=\"q_team\" ><div class=\"q_team_inner\"><div class=\"q_team_image\"><img decoding=\"async\" itemprop=\"image\" src=\"https:\/\/eltriunfo.com\/wp-content\/uploads\/2025\/08\/mujer-negocio-scaled-e1756487109115.jpg\" alt=\"Young woman with notebook using mobile phone and standing in the\" \/><div class='q_team_description_wrapper'><div class='q_team_description'><div class='q_team_description_inner'><p><span style=\"color:black;font-family:Hind, Sans-serif;font-size: 16px!important;font-weight:400;line-height:1.4em;letter-spacing:0\">\nSi es una persona proactiva, responsable y con experiencia en \u00e1reas como contabilidad, impuestos, finanzas o administraci\u00f3n, y le gustar\u00eda trabajar en un entorno profesional donde se valora su talento, <strong>queremos conocerle.<\/strong>\n<br><br>\nBuscamos personas que disfruten trabajar en equipo, que se comuniquen con respeto y que est\u00e9n listas para crecer junto a nosotros.\n<\/span>\n<\/p><\/div><\/div><\/div><\/div><div class='q_team_text' ><div class=\"q_team_text_inner\"><div class=\"q_team_title_holder\"><h6 class=\"q_team_name\" >\u00bf A QUI\u00c9N BUSCAMOS ?<\/h6><\/div><\/div><div class='q_team_social_holder'><\/div><\/div><\/div><\/div>\t\t\t\t<\/div>\n\t\t\t\t<\/div>\n\t\t\t\t<div class=\"elementor-element elementor-element-5d60d83 elementor-widget elementor-widget-bridge_team\" data-id=\"5d60d83\" data-element_type=\"widget\" data-e-type=\"widget\" data-widget_type=\"bridge_team.default\">\n\t\t\t\t<div class=\"elementor-widget-container\">\n\t\t\t\t\t<div class=\"q_team\" ><div class=\"q_team_inner\"><div class=\"q_team_image\"><img decoding=\"async\" itemprop=\"image\" src=\"https:\/\/eltriunfo.com\/wp-content\/uploads\/2025\/08\/hombre-negocios-e1756487181429.jpg\" alt=\"Tablet, night and research with a business man, happy while work\" \/><div class='q_team_description_wrapper'><div class='q_team_description'><div class='q_team_description_inner'><p><span style=\"color:black;font-family:Hind, Sans-serif;font-size: 16px!important;font-weight:400;line-height:1.4em;letter-spacing:0\">\nEnv\u00ede su curr\u00edculum acompa\u00f1ado de una carta de presentaci\u00f3n a:\n<br><br>\n<a href=\"mailto:info@eltriunfo.com\" style=\"color:black;font-weight:700;text-decoration:none\">info@eltriunfo.com<\/a>\n<br><br>\nPor favor, incluye en el asunto:<br>\nAplicaci\u00f3n - [Tu nombre]\n<\/span><\/p><\/div><\/div><\/div><\/div><div class='q_team_text' ><div class=\"q_team_text_inner\"><div class=\"q_team_title_holder\"><h6 class=\"q_team_name\" >\u00bf C\u00d3MO APLICAR ?<\/h6><\/div><\/div><div class='q_team_social_holder'><\/div><\/div><\/div><\/div>\t\t\t\t<\/div>\n\t\t\t\t<\/div>\n\t\t\t\t\t<\/div>\n\t\t\t\t<\/div>\n\t\t<div class=\"elementor-element elementor-element-cb701ce e-grid e-con-boxed parallax_section_no qode_elementor_container_no e-con e-parent\" data-id=\"cb701ce\" data-element_type=\"container\" data-e-type=\"container\">\n\t\t\t\t\t<div class=\"e-con-inner\">\n\t\t\t\t<div class=\"elementor-element elementor-element-c11f575 elementor-widget-mobile__width-initial elementor-widget elementor-widget-heading\" data-id=\"c11f575\" data-element_type=\"widget\" data-e-type=\"widget\" data-widget_type=\"heading.default\">\n\t\t\t\t\t<h2 class=\"elementor-heading-title elementor-size-default\">Empleos disponibles en El Triunfo Corporation<\/h2>\t\t\t\t<\/div>\n\t\t<div class=\"elementor-element elementor-element-98de1be e-con-full e-flex parallax_section_no qode_elementor_container_no e-con e-child\" data-id=\"98de1be\" data-element_type=\"container\" data-e-type=\"container\">\n\t\t\t\t<div class=\"elementor-element elementor-element-c526f3b elementor-widget__width-initial elementor-widget elementor-widget-video\" data-id=\"c526f3b\" data-element_type=\"widget\" data-e-type=\"widget\" data-settings=\"{&quot;video_type&quot;:&quot;hosted&quot;,&quot;controls&quot;:&quot;yes&quot;}\" data-no-translation=\"\" data-widget_type=\"video.default\">\n\t\t\t\t\t<style>.elementor-element-c526f3b{display:none !important}<\/style>\t\t\t\t<\/div>\n\t\t\t\t<div class=\"elementor-element elementor-element-cb4dfec elementor-widget__width-initial elementor-widget elementor-widget-video\" data-id=\"cb4dfec\" data-element_type=\"widget\" data-e-type=\"widget\" data-settings=\"{&quot;youtube_url&quot;:&quot;https:\\\/\\\/www.youtube.com\\\/watch?v=toNibYBeGp8&quot;,&quot;video_type&quot;:&quot;youtube&quot;,&quot;controls&quot;:&quot;yes&quot;}\" data-no-translation=\"\" data-widget_type=\"video.default\">\n\t\t\t\t\t\t\t<div class=\"elementor-wrapper elementor-open-inline\">\n\t\t\t<div class=\"elementor-video\"><\/div>\t\t<\/div>\n\t\t\t\t\t\t<\/div>\n\t\t\t\t<\/div>\n\t\t\t\t\t<\/div>\n\t\t\t\t<\/div>\n\t\t\t\t<\/div>\n\t\t","protected":false},"excerpt":{"rendered":"<p>TRABAJA CON NOSOTROS TRABAJA CON NOSOTROS En El Triunfo Corporation, creemos en el talento hispano. Nuestra firma crece al ritmo que evolucionan los negocios y las necesidades de nuestra comunidad en Estados Unidos. Por eso, buscamos personas comprometidas, profesionales y con visi\u00f3n de futuro. Nuestros...<\/p>","protected":false},"author":1,"featured_media":0,"parent":0,"menu_order":0,"comment_status":"closed","ping_status":"open","template":"","meta":{"footnotes":""},"class_list":["post-7575","page","type-page","status-publish","hentry"],"_links":{"self":[{"href":"https:\/\/eltriunfo.com\/en\/wp-json\/wp\/v2\/pages\/7575","targetHints":{"allow":["GET"]}}],"collection":[{"href":"https:\/\/eltriunfo.com\/en\/wp-json\/wp\/v2\/pages"}],"about":[{"href":"https:\/\/eltriunfo.com\/en\/wp-json\/wp\/v2\/types\/page"}],"author":[{"embeddable":true,"href":"https:\/\/eltriunfo.com\/en\/wp-json\/wp\/v2\/users\/1"}],"replies":[{"embeddable":true,"href":"https:\/\/eltriunfo.com\/en\/wp-json\/wp\/v2\/comments?post=7575"}],"version-history":[{"count":3,"href":"https:\/\/eltriunfo.com\/en\/wp-json\/wp\/v2\/pages\/7575\/revisions"}],"predecessor-version":[{"id":15306,"href":"https:\/\/eltriunfo.com\/en\/wp-json\/wp\/v2\/pages\/7575\/revisions\/15306"}],"wp:attachment":[{"href":"https:\/\/eltriunfo.com\/en\/wp-json\/wp\/v2\/media?parent=7575"}],"curies":[{"name":"wp","href":"https:\/\/api.w.org\/{rel}","templated":true}]}}