{"id":7061,"date":"2025-08-05T13:24:34","date_gmt":"2025-08-05T11:24:34","guid":{"rendered":"https:\/\/eltriunfo.com\/?page_id=7061"},"modified":"2026-01-27T13:52:02","modified_gmt":"2026-01-27T11:52:02","slug":"terminos-y-condiciones","status":"publish","type":"page","link":"https:\/\/eltriunfo.com\/en\/terminos-y-condiciones\/","title":{"rendered":"T\u00e9rminos y Condiciones"},"content":{"rendered":"\t\t<div data-elementor-type=\"wp-page\" data-elementor-id=\"7061\" class=\"elementor elementor-7061\" data-elementor-post-type=\"page\">\n\t\t\t\t<div class=\"elementor-element elementor-element-d11a30d e-flex e-con-boxed parallax_section_no qode_elementor_container_no e-con e-parent\" data-id=\"d11a30d\" data-element_type=\"container\" data-e-type=\"container\">\n\t\t\t\t\t<div class=\"e-con-inner\">\n\t\t\t\t<div class=\"elementor-element elementor-element-821a370 elementor-widget elementor-widget-text-editor\" data-id=\"821a370\" data-element_type=\"widget\" data-e-type=\"widget\" data-widget_type=\"text-editor.default\">\n\t\t\t\t\t\t\t\t\t<strong><span style=\"color: #ffcd00; font-family: Barlow Condensed; font-size: 25px;\">T\u00c9RMINOS Y CONDICIONES DE USO\n<\/span><\/strong>\t\t\t\t\t\t\t\t<\/div>\n\t\t\t\t\t<\/div>\n\t\t\t\t<\/div>\n\t\t<div class=\"elementor-element elementor-element-0e1ce13 e-flex e-con-boxed parallax_section_no qode_elementor_container_no e-con e-parent\" data-id=\"0e1ce13\" data-element_type=\"container\" data-e-type=\"container\">\n\t\t\t\t\t<div class=\"e-con-inner\">\n\t\t\t\t<div class=\"elementor-element elementor-element-3330782 elementor-widget elementor-widget-text-editor\" data-id=\"3330782\" data-element_type=\"widget\" data-e-type=\"widget\" data-widget_type=\"text-editor.default\">\n\t\t\t\t\t\t\t\t\t<p>\u00a0<\/p><p><span style=\"color: #000000;\"><strong>FECHA DE ENTRADA EN VIGOR<\/strong>: Julio 2025<\/span><\/p><p>\u00a0<\/p><p><span style=\"color: #000000;\">\u00a0El presente documento regula el acceso y uso del sitio web [<a href=\"http:\/\/www.eltriunfo.com\">www.eltriunfo.com<\/a>] (en adelante, el \u201cSitio\u201d) propiedad de <strong>El Triunfo Corporation<\/strong> (\u201cEl Triunfo\u201d, \u201cnosotros\u201d o \u201cnuestra empresa\u201d), con domicilio en 1415 E 17th St Suite 260, Santa Ana, CA 92705, tel\u00e9fono (714) 953-2707, correo electr\u00f3nico info@eltriunfo.com.<\/span><\/p><p>\u00a0<\/p><p><span style=\"color: #000000;\">Al acceder y utilizar este Sitio, usted acepta los presentes T\u00e9rminos y Condiciones, por lo que se compromete a cumplirlos en todo momento. Si no est\u00e1 de acuerdo con alguno de estos t\u00e9rminos, debe abstenerse de utilizar el Sitio. <\/span><\/p>\t\t\t\t\t\t\t\t<\/div>\n\t\t\t\t\t<\/div>\n\t\t\t\t<\/div>\n\t\t<div class=\"elementor-element elementor-element-c6424f0 e-flex e-con-boxed parallax_section_no qode_elementor_container_no e-con e-parent\" data-id=\"c6424f0\" data-element_type=\"container\" data-e-type=\"container\">\n\t\t\t\t\t<div class=\"e-con-inner\">\n\t\t\t\t<div class=\"elementor-element elementor-element-9e93b2f elementor-widget elementor-widget-text-editor\" data-id=\"9e93b2f\" data-element_type=\"widget\" data-e-type=\"widget\" data-widget_type=\"text-editor.default\">\n\t\t\t\t\t\t\t\t\t<p>\u00a0<\/p><p><span style=\"color: #000000; font-family: Barlow Condensed; font-size: 18px;\"><strong>1. OBJETO<\/strong><\/span><\/p><p>\u00a0<\/p><p><span style=\"color: #000000;\">Estos T\u00e9rminos y Condiciones regulan el uso y acceso al Sitio, as\u00ed como la relaci\u00f3n entre El Triunfo y los usuarios que consultan, navegan o utilizan los servicios ofrecidos a trav\u00e9s del mismo.<br \/><\/span><\/p>\t\t\t\t\t\t\t\t<\/div>\n\t\t\t\t\t<\/div>\n\t\t\t\t<\/div>\n\t\t<div class=\"elementor-element elementor-element-66519e5 e-flex e-con-boxed parallax_section_no qode_elementor_container_no e-con e-parent\" data-id=\"66519e5\" data-element_type=\"container\" data-e-type=\"container\">\n\t\t\t\t\t<div class=\"e-con-inner\">\n\t\t\t\t<div class=\"elementor-element elementor-element-16914a5 elementor-widget elementor-widget-text-editor\" data-id=\"16914a5\" data-element_type=\"widget\" data-e-type=\"widget\" data-widget_type=\"text-editor.default\">\n\t\t\t\t\t\t\t\t\t<p>\u00a0<\/p><p><span style=\"color: #000000; font-family: Barlow Condensed; font-size: 18px;\"><strong>2. USO DEL SITIO<\/strong><\/span><\/p><p>\u00a0<\/p><p><span style=\"color: #000000;\">\u2022 El Sitio y sus contenidos se ofrecen exclusivamente para fines informativos relacionados con los servicios de contabilidad y gestor\u00eda financiera que ofrecemos.<\/span><\/p><p><br \/><span style=\"color: #000000;\">\u2022 El usuario se compromete a utilizar el Sitio conforme a la ley, la moral, el orden p\u00fablico y estos T\u00e9rminos.<\/span><\/p><p><br \/><span style=\"color: #000000;\">\u2022 Est\u00e1 prohibido el uso del Sitio para actividades il\u00edcitas, da\u00f1os a la propiedad o terceros, o que de cualquier forma puedan perjudicar la imagen o funcionamiento del Sitio.<\/span><\/p>\t\t\t\t\t\t\t\t<\/div>\n\t\t\t\t\t<\/div>\n\t\t\t\t<\/div>\n\t\t<div class=\"elementor-element elementor-element-46e2d36 e-flex e-con-boxed parallax_section_no qode_elementor_container_no e-con e-parent\" data-id=\"46e2d36\" data-element_type=\"container\" data-e-type=\"container\">\n\t\t\t\t\t<div class=\"e-con-inner\">\n\t\t\t\t<div class=\"elementor-element elementor-element-47fe80a elementor-widget elementor-widget-text-editor\" data-id=\"47fe80a\" data-element_type=\"widget\" data-e-type=\"widget\" data-widget_type=\"text-editor.default\">\n\t\t\t\t\t\t\t\t\t<p>\u00a0<\/p><p><strong><span style=\"color: #000000; font-family: Barlow Condensed; font-size: 18px;\">3. PROPIEDAD INTELECTUAL E INDUSTRIAL<\/span><\/strong><\/p><p>\u00a0<\/p><p><span style=\"color: #000000;\">\u2022 Todos los contenidos del Sitio, incluyendo textos, gr\u00e1ficos, logos, im\u00e1genes, sonidos, software y c\u00f3digos fuente, son propiedad exclusiva de El Triunfo o de terceros que han autorizado su uso.<\/span><\/p><p><br \/><span style=\"color: #000000;\">\u2022 Queda prohibida la reproducci\u00f3n, distribuci\u00f3n, modificaci\u00f3n, publicaci\u00f3n o cualquier otro uso no autorizado de estos contenidos sin consentimiento previo y por escrito de El Triunfo.<\/span><\/p>\t\t\t\t\t\t\t\t<\/div>\n\t\t\t\t\t<\/div>\n\t\t\t\t<\/div>\n\t\t<div class=\"elementor-element elementor-element-7dc8c20 e-flex e-con-boxed parallax_section_no qode_elementor_container_no e-con e-parent\" data-id=\"7dc8c20\" data-element_type=\"container\" data-e-type=\"container\">\n\t\t\t\t\t<div class=\"e-con-inner\">\n\t\t\t\t<div class=\"elementor-element elementor-element-05ccdc1 elementor-widget elementor-widget-text-editor\" data-id=\"05ccdc1\" data-element_type=\"widget\" data-e-type=\"widget\" data-widget_type=\"text-editor.default\">\n\t\t\t\t\t\t\t\t\t<p>\u00a0<\/p><p><strong><span style=\"color: #000000; font-family: Barlow Condensed; font-size: 18px;\">4. INFORMACI\u00d3N Y SERVICIOS<br \/><\/span><\/strong><br \/><span style=\"color: #000000;\">\u2022 El Sitio puede incluir informaci\u00f3n sobre productos y servicios que El Triunfo ofrece, pero dicha informaci\u00f3n no constituye una oferta vinculante ni contrato.<\/span><\/p><p>\u00a0<\/p><p><span style=\"color: #000000;\">\u2022 La contrataci\u00f3n de servicios se realiza a trav\u00e9s de los canales oficiales indicados, y est\u00e1 sujeta a t\u00e9rminos y condiciones espec\u00edficos que ser\u00e1n comunicados al usuario.<\/span><\/p>\t\t\t\t\t\t\t\t<\/div>\n\t\t\t\t\t<\/div>\n\t\t\t\t<\/div>\n\t\t<div class=\"elementor-element elementor-element-55760fa e-flex e-con-boxed parallax_section_no qode_elementor_container_no e-con e-parent\" data-id=\"55760fa\" data-element_type=\"container\" data-e-type=\"container\">\n\t\t\t\t\t<div class=\"e-con-inner\">\n\t\t\t\t<div class=\"elementor-element elementor-element-eefa8f0 elementor-widget elementor-widget-text-editor\" data-id=\"eefa8f0\" data-element_type=\"widget\" data-e-type=\"widget\" data-widget_type=\"text-editor.default\">\n\t\t\t\t\t\t\t\t\t<p><strong><span style=\"color: #000000; font-family: Barlow Condensed; font-size: 18px;\"><br \/>5. LIMITACI\u00d3N DE RESPONSABILIDAD<br \/><\/span><\/strong><br \/><span style=\"color: #000000;\">\u2022 El Triunfo no garantiza la disponibilidad, continuidad ni exactitud de la informaci\u00f3n publicada en el Sitio y no se responsabiliza por da\u00f1os o perjuicios derivados del uso o la imposibilidad de uso del Sitio, ni por virus o software malicioso que pudieran afectar al usuario.<\/span><\/p><p><br \/><span style=\"color: #000000;\">\u2022 El Sitio puede contener enlaces a sitios de terceros, sobre los cuales El Triunfo no tiene control y no asume responsabilidad alguna por sus contenidos o pr\u00e1cticas.<\/span><\/p>\t\t\t\t\t\t\t\t<\/div>\n\t\t\t\t\t<\/div>\n\t\t\t\t<\/div>\n\t\t<div class=\"elementor-element elementor-element-2029f7f e-flex e-con-boxed parallax_section_no qode_elementor_container_no e-con e-parent\" data-id=\"2029f7f\" data-element_type=\"container\" data-e-type=\"container\">\n\t\t\t\t\t<div class=\"e-con-inner\">\n\t\t\t\t<div class=\"elementor-element elementor-element-4f4205b elementor-widget elementor-widget-text-editor\" data-id=\"4f4205b\" data-element_type=\"widget\" data-e-type=\"widget\" data-widget_type=\"text-editor.default\">\n\t\t\t\t\t\t\t\t\t<p><strong><span style=\"color: #000000; font-family: Barlow Condensed; font-size: 18px;\"><br \/>6. PROTECCI\u00d3N DE\u00a0 DATOS Y PRIVACIDAD<br \/><\/span><\/strong><\/p><p><span style=\"color: #000000;\">\u2022 El tratamiento de los datos personales recogidos a trav\u00e9s del Sitio se realiza conforme a la Pol\u00edtica de Privacidad publicada en <a href=\"https:\/\/eltriunfo.com\/politica-de-privacidad\/\">Politica de privacidad<\/a>.<br \/><\/span><br \/><span style=\"color: #000000;\">\u2022 El usuario garantiza que los datos facilitados son veraces y se hace responsable de mantenerlos actualizados.<br \/><\/span><\/p>\t\t\t\t\t\t\t\t<\/div>\n\t\t\t\t\t<\/div>\n\t\t\t\t<\/div>\n\t\t<div class=\"elementor-element elementor-element-d50af75 e-flex e-con-boxed parallax_section_no qode_elementor_container_no e-con e-parent\" data-id=\"d50af75\" data-element_type=\"container\" data-e-type=\"container\">\n\t\t\t\t\t<div class=\"e-con-inner\">\n\t\t\t\t<div class=\"elementor-element elementor-element-d6e3047 elementor-widget elementor-widget-text-editor\" data-id=\"d6e3047\" data-element_type=\"widget\" data-e-type=\"widget\" data-widget_type=\"text-editor.default\">\n\t\t\t\t\t\t\t\t\t<p><strong><span style=\"color: #000000; font-family: Barlow Condensed; font-size: 18px;\"><br \/>7. MODIFICACIONES<\/span><\/strong><\/p><p><span style=\"color: #000000;\">\u2022 El Triunfo se reserva el derecho de modificar estos T\u00e9rminos y Condiciones en cualquier momento, sin previo aviso.<br \/><\/span><br \/><span style=\"color: #000000;\">\u2022 Las modificaciones ser\u00e1n publicadas en esta p\u00e1gina con indicaci\u00f3n de la fecha de entrada en vigor.<br \/><\/span><br \/><span style=\"color: #000000;\">\u2022 El uso continuado del Sitio despu\u00e9s de los cambios implica la aceptaci\u00f3n de los nuevos t\u00e9rminos.<br \/><\/span><\/p>\t\t\t\t\t\t\t\t<\/div>\n\t\t\t\t\t<\/div>\n\t\t\t\t<\/div>\n\t\t<div class=\"elementor-element elementor-element-cb0ca81 e-flex e-con-boxed parallax_section_no qode_elementor_container_no e-con e-parent\" data-id=\"cb0ca81\" data-element_type=\"container\" data-e-type=\"container\">\n\t\t\t\t\t<div class=\"e-con-inner\">\n\t\t\t\t<div class=\"elementor-element elementor-element-9ba5cc3 elementor-widget elementor-widget-text-editor\" data-id=\"9ba5cc3\" data-element_type=\"widget\" data-e-type=\"widget\" data-widget_type=\"text-editor.default\">\n\t\t\t\t\t\t\t\t\t<p>\u00a0<\/p><p><strong><span style=\"color: #000000; font-family: Barlow Condensed; font-size: 18px;\">8. LEY APLICABLE Y JURISDICCI\u00d3N<\/span><\/strong><\/p><p>\u00a0<\/p><p><span style=\"color: #000000;\">\u2022 Estos T\u00e9rminos y Condiciones se rigen por la legislaci\u00f3n del Estado de California, Estados Unidos.<br \/><\/span><\/p><p>\u00a0<\/p><p><span style=\"color: #000000;\">\u2022 Para cualquier conflicto o disputa que pueda surgir, las partes se someten expresamente a la jurisdicci\u00f3n exclusiva de los tribunales competentes del condado de Orange, California.<br \/><\/span><\/p>\t\t\t\t\t\t\t\t<\/div>\n\t\t\t\t\t<\/div>\n\t\t\t\t<\/div>\n\t\t<div class=\"elementor-element elementor-element-03934d4 e-flex e-con-boxed parallax_section_no qode_elementor_container_no e-con e-parent\" data-id=\"03934d4\" data-element_type=\"container\" data-e-type=\"container\">\n\t\t\t\t\t<div class=\"e-con-inner\">\n\t\t\t\t<div class=\"elementor-element elementor-element-231bfb5 elementor-widget elementor-widget-text-editor\" data-id=\"231bfb5\" data-element_type=\"widget\" data-e-type=\"widget\" data-widget_type=\"text-editor.default\">\n\t\t\t\t\t\t\t\t\t<p>\u00a0<\/p><p><strong><span style=\"color: #000000; font-family: Barlow Condensed; font-size: 18px;\">9. CONTACTO<br \/><\/span><\/strong><\/p><p>\u00a0<\/p><p><span style=\"color: #000000;\">Para cualquier consulta relacionada con estos T\u00e9rminos y Condiciones, puede contactar con:<\/span><\/p><p>\u00a0<\/p><p><span style=\"color: #000000;\"><strong>El Triunfo Corporation<\/strong><\/span><br \/><span style=\"color: #000000;\">1415 E 17th St Suite 260<\/span><br \/><span style=\"color: #000000;\">Santa Ana, CA 92705<\/span><br \/><span style=\"color: #000000;\"><strong>Correo electr\u00f3nico:<\/strong> info@eltriunfo.com<\/span><br \/><span style=\"color: #000000;\"><strong>Tel\u00e9fono:<\/strong> (714) 953-2707<\/span><\/p><p>\u00a0<\/p><p>\u00a0<\/p>\t\t\t\t\t\t\t\t<\/div>\n\t\t\t\t\t<\/div>\n\t\t\t\t<\/div>\n\t\t\t\t<\/div>\n\t\t","protected":false},"excerpt":{"rendered":"<p>T\u00c9RMINOS Y CONDICIONES DE USO \u00a0 FECHA DE ENTRADA EN VIGOR: Julio 2025 \u00a0 \u00a0El presente documento regula el acceso y uso del sitio web [www.eltriunfo.com] (en adelante, el \u201cSitio\u201d) propiedad de El Triunfo Corporation (\u201cEl Triunfo\u201d, \u201cnosotros\u201d o \u201cnuestra empresa\u201d), con domicilio en 1415...<\/p>\n","protected":false},"author":3,"featured_media":0,"parent":0,"menu_order":0,"comment_status":"closed","ping_status":"open","template":"","meta":{"footnotes":""},"class_list":["post-7061","page","type-page","status-publish","hentry"],"_links":{"self":[{"href":"https:\/\/eltriunfo.com\/en\/wp-json\/wp\/v2\/pages\/7061","targetHints":{"allow":["GET"]}}],"collection":[{"href":"https:\/\/eltriunfo.com\/en\/wp-json\/wp\/v2\/pages"}],"about":[{"href":"https:\/\/eltriunfo.com\/en\/wp-json\/wp\/v2\/types\/page"}],"author":[{"embeddable":true,"href":"https:\/\/eltriunfo.com\/en\/wp-json\/wp\/v2\/users\/3"}],"replies":[{"embeddable":true,"href":"https:\/\/eltriunfo.com\/en\/wp-json\/wp\/v2\/comments?post=7061"}],"version-history":[{"count":3,"href":"https:\/\/eltriunfo.com\/en\/wp-json\/wp\/v2\/pages\/7061\/revisions"}],"predecessor-version":[{"id":15457,"href":"https:\/\/eltriunfo.com\/en\/wp-json\/wp\/v2\/pages\/7061\/revisions\/15457"}],"wp:attachment":[{"href":"https:\/\/eltriunfo.com\/en\/wp-json\/wp\/v2\/media?parent=7061"}],"curies":[{"name":"wp","href":"https:\/\/api.w.org\/{rel}","templated":true}]}}