{"id":6867,"date":"2025-08-04T18:03:23","date_gmt":"2025-08-04T16:03:23","guid":{"rendered":"https:\/\/eltriunfo.com\/?page_id=6867"},"modified":"2026-01-27T13:54:28","modified_gmt":"2026-01-27T11:54:28","slug":"politica-de-privacidad","status":"publish","type":"page","link":"https:\/\/eltriunfo.com\/en\/politica-de-privacidad\/","title":{"rendered":"Pol\u00edtica de Privacidad"},"content":{"rendered":"\t\t<div data-elementor-type=\"wp-page\" data-elementor-id=\"6867\" class=\"elementor elementor-6867\" data-elementor-post-type=\"page\">\n\t\t\t\t<div class=\"elementor-element elementor-element-d11a30d e-flex e-con-boxed parallax_section_no qode_elementor_container_no e-con e-parent\" data-id=\"d11a30d\" data-element_type=\"container\" data-e-type=\"container\">\n\t\t\t\t\t<div class=\"e-con-inner\">\n\t\t\t\t<div class=\"elementor-element elementor-element-821a370 elementor-widget elementor-widget-text-editor\" data-id=\"821a370\" data-element_type=\"widget\" data-e-type=\"widget\" data-widget_type=\"text-editor.default\">\n\t\t\t\t\t\t\t\t\t<p><strong><span style=\"color: #ffcd00; font-family: Barlow Condensed; font-size: 25px;\">POL\u00cdTICA DE PRIVACIDAD<\/span><\/strong><\/p><p>\u00a0<\/p>\t\t\t\t\t\t\t\t<\/div>\n\t\t\t\t\t<\/div>\n\t\t\t\t<\/div>\n\t\t<div class=\"elementor-element elementor-element-0e1ce13 e-flex e-con-boxed parallax_section_no qode_elementor_container_no e-con e-parent\" data-id=\"0e1ce13\" data-element_type=\"container\" data-e-type=\"container\">\n\t\t\t\t\t<div class=\"e-con-inner\">\n\t\t\t\t<div class=\"elementor-element elementor-element-3330782 elementor-widget elementor-widget-text-editor\" data-id=\"3330782\" data-element_type=\"widget\" data-e-type=\"widget\" data-widget_type=\"text-editor.default\">\n\t\t\t\t\t\t\t\t\t<p><span style=\"color: #000000;\"><strong>FECHA DE ENTRADA EN VIGOR<\/strong>: Julio 2025<\/span><\/p><p>\u00a0<\/p><p><span style=\"color: #000000;\">El Triunfo Corporation (\u201cEl Triunfo\u201d, \u201cnosotros\u201d o \u201cnuestra empresa\u201d) se compromete a proteger la privacidad de los usuarios de su sitio web [www.eltriunfo.com] (el \u201cSitio\u201d), en cumplimiento con las leyes de privacidad aplicables en el estado de California, incluidas la California Consumer Privacy Act (CCPA) y la California Privacy Rights Act (CPRA).<\/span><\/p><p><br \/><span style=\"color: #000000;\">Esta Pol\u00edtica de Privacidad explica c\u00f3mo recopilamos, utilizamos, divulgamos y protegemos la informaci\u00f3n personal que usted nos proporciona o que recopilamos autom\u00e1ticamente al utilizar nuestro Sitio.<\/span><\/p><p><br \/><span style=\"color: #000000;\">Al utilizar el Sitio, usted acepta las pr\u00e1cticas descritas en esta Pol\u00edtica.<\/span><\/p>\t\t\t\t\t\t\t\t<\/div>\n\t\t\t\t\t<\/div>\n\t\t\t\t<\/div>\n\t\t<div class=\"elementor-element elementor-element-c6424f0 e-flex e-con-boxed parallax_section_no qode_elementor_container_no e-con e-parent\" data-id=\"c6424f0\" data-element_type=\"container\" data-e-type=\"container\">\n\t\t\t\t\t<div class=\"e-con-inner\">\n\t\t\t\t<div class=\"elementor-element elementor-element-9e93b2f elementor-widget elementor-widget-text-editor\" data-id=\"9e93b2f\" data-element_type=\"widget\" data-e-type=\"widget\" data-widget_type=\"text-editor.default\">\n\t\t\t\t\t\t\t\t\t<p>\u00a0<\/p><p><span style=\"color: #000000; font-family: Barlow Condensed; font-size: 18px;\"><strong>1. INFORMACI\u00d3N QUE RECOPILAMOS<\/strong><\/span><\/p><p>\u00a0<\/p><p><span style=\"color: #000000;\">Recopilamos las siguientes categor\u00edas de informaci\u00f3n personal:<\/span><\/p><p>\u00a0<\/p><p><span style=\"color: #000000;\">a) Identificadores:<\/span><br \/><span style=\"color: #000000;\">\u2022 Nombre y apellidos<\/span><br \/><span style=\"color: #000000;\">\u2022 Direcci\u00f3n de correo electr\u00f3nico<\/span><br \/><span style=\"color: #000000;\">\u2022 N\u00famero de tel\u00e9fono<\/span><br \/><span style=\"color: #000000;\">\u2022 Direcci\u00f3n postal<\/span><br \/><span style=\"color: #000000;\">\u2022 Direcci\u00f3n IP<\/span><\/p><p>\u00a0<\/p><p><span style=\"color: #000000;\">b) Informaci\u00f3n comercial:<\/span><br \/><span style=\"color: #000000;\">\u2022 Servicios solicitados o contratados<\/span><br \/><span style=\"color: #000000;\">\u2022 Historial de transacciones<\/span><\/p><p>\u00a0<\/p><p><span style=\"color: #000000;\">c) Informaci\u00f3n sobre la actividad en internet o en otras redes electr\u00f3nicas:<\/span><br \/><span style=\"color: #000000;\">\u2022 Tipo y versi\u00f3n del navegador.<\/span><br \/><span style=\"color: #000000;\">\u2022 Dispositivo utilizado y sistema operativo.<\/span><br \/><span style=\"color: #000000;\">\u2022 P\u00e1ginas visitadas y tiempo de permanencia en el Sitio.<\/span><br \/><span style=\"color: #000000;\">\u2022 Fecha y hora de acceso.<\/span><\/p><p>\u00a0<\/p><p><span style=\"color: #000000;\">d) Informaci\u00f3n de geolocalizaci\u00f3n:<\/span><br \/><span style=\"color: #000000;\">\u2022 Ubicaci\u00f3n aproximada derivada de la direcci\u00f3n IP.<\/span><\/p><p>\u00a0<\/p><p><span style=\"color: #000000;\">e) Informaci\u00f3n profesional (solo si usted la proporciona voluntariamente):<\/span><br \/><span style=\"color: #000000;\">\u2022 Empresa, cargo o datos relevantes para la solicitud de servicios.<\/span><\/p><p>\u00a0<\/p><p><span style=\"color: #000000;\"><strong>No recopilamos<\/strong><\/span><span style=\"color: #000000;\"><strong> informaci\u00f3n personal sensible<\/strong>, seg\u00fan lo definido en la CPRA, salvo que sea necesaria y se le notifique de forma expl\u00edcita.<\/span><\/p>\t\t\t\t\t\t\t\t<\/div>\n\t\t\t\t\t<\/div>\n\t\t\t\t<\/div>\n\t\t<div class=\"elementor-element elementor-element-66519e5 e-flex e-con-boxed parallax_section_no qode_elementor_container_no e-con e-parent\" data-id=\"66519e5\" data-element_type=\"container\" data-e-type=\"container\">\n\t\t\t\t\t<div class=\"e-con-inner\">\n\t\t\t\t<div class=\"elementor-element elementor-element-16914a5 elementor-widget elementor-widget-text-editor\" data-id=\"16914a5\" data-element_type=\"widget\" data-e-type=\"widget\" data-widget_type=\"text-editor.default\">\n\t\t\t\t\t\t\t\t\t<p>\u00a0<\/p><p><span style=\"color: #000000; font-family: Barlow Condensed; font-size: 18px;\"><strong>2. FUENTES DE RECOPILACI\u00d3N DE DATOS<br \/><\/strong><\/span><\/p><p>\u00a0<\/p><p><span style=\"color: #000000;\">La informaci\u00f3n personal puede ser recopilada:<\/span><\/p><p><br \/><span style=\"color: #000000;\">\u2022 Directamente de usted, a trav\u00e9s de formularios o comunicaciones enviadas mediante el Sitio.<\/span><\/p><p><br \/><span style=\"color: #000000;\">\u2022 Autom\u00e1ticamente, mediante tecnolog\u00edas como cookies.<\/span><\/p><p><br \/><span style=\"color: #000000;\">\u2022 De proveedores de servicios que nos prestan soporte t\u00e9cnico, de an\u00e1lisis o funcional.<\/span><\/p>\t\t\t\t\t\t\t\t<\/div>\n\t\t\t\t\t<\/div>\n\t\t\t\t<\/div>\n\t\t<div class=\"elementor-element elementor-element-46e2d36 e-flex e-con-boxed parallax_section_no qode_elementor_container_no e-con e-parent\" data-id=\"46e2d36\" data-element_type=\"container\" data-e-type=\"container\">\n\t\t\t\t\t<div class=\"e-con-inner\">\n\t\t\t\t<div class=\"elementor-element elementor-element-47fe80a elementor-widget elementor-widget-text-editor\" data-id=\"47fe80a\" data-element_type=\"widget\" data-e-type=\"widget\" data-widget_type=\"text-editor.default\">\n\t\t\t\t\t\t\t\t\t<p>\u00a0<\/p><p><strong><span style=\"color: #000000; font-family: Barlow Condensed; font-size: 18px;\">3. FINALIDADES DEL TRATAMIENTO DE LA INFORMACI\u00d3N<\/span><\/strong><\/p><p><span style=\"color: #000000;\">Utilizamos su informaci\u00f3n personal para los siguientes fines:<\/span><\/p><p><br \/><span style=\"color: #000000;\">\u2022 Prestar y gestionar los servicios ofrecidos<\/span><\/p><p><br \/><span style=\"color: #000000;\">\u2022 Procesar pagos (a trav\u00e9s de proveedores externos seguros)<\/span><\/p><p><br \/><span style=\"color: #000000;\">\u2022 Responder a consultas y solicitudes de contacto<\/span><\/p><p><br \/><span style=\"color: #000000;\">\u2022 Enviar comunicaciones administrativas o relacionadas con los servicios<\/span><\/p><p><br \/><span style=\"color: #000000;\">\u2022 Cumplir con obligaciones legales o contractuales<\/span><\/p><p><br \/><span style=\"color: #000000;\">\u2022 Analizar el uso del Sitio y mejorar su funcionalidad y seguridad<\/span><\/p><p><br \/><span style=\"color: #000000;\">\u2022 Detectar y prevenir fraudes o accesos no autorizados<\/span><\/p><p>\u00a0<\/p><p><strong><span style=\"color: #000000;\">No utilizamos su informaci\u00f3n para decisiones automatizadas ni para elaboraci\u00f3n de perfiles.<\/span><\/strong><\/p>\t\t\t\t\t\t\t\t<\/div>\n\t\t\t\t\t<\/div>\n\t\t\t\t<\/div>\n\t\t<div class=\"elementor-element elementor-element-7dc8c20 e-flex e-con-boxed parallax_section_no qode_elementor_container_no e-con e-parent\" data-id=\"7dc8c20\" data-element_type=\"container\" data-e-type=\"container\">\n\t\t\t\t\t<div class=\"e-con-inner\">\n\t\t\t\t<div class=\"elementor-element elementor-element-05ccdc1 elementor-widget elementor-widget-text-editor\" data-id=\"05ccdc1\" data-element_type=\"widget\" data-e-type=\"widget\" data-widget_type=\"text-editor.default\">\n\t\t\t\t\t\t\t\t\t<p>\u00a0<\/p><p><strong><span style=\"color: #000000; font-family: Barlow Condensed; font-size: 18px;\">4. DIVULGACI\u00d3N DE SU INFORMACI\u00d3N<br \/><\/span><\/strong><br \/><strong><span style=\"color: #000000;\">No vendemos ni compartimos su informaci\u00f3n personal con fines publicitarios.<\/span><\/strong><\/p><p>\u00a0<\/p><p><span style=\"color: #000000;\">Podemos divulgar su informaci\u00f3n \u00fanicamente en los siguientes casos:<\/span><\/p><p>\u00a0<\/p><p><strong><span style=\"color: #000000;\">a) Con proveedores de servicios:<\/span><\/strong><\/p><p><span style=\"color: #000000;\">Terceros que nos ayudan a operar nuestro Sitio o prestar servicios (como alojamiento web, an\u00e1lisis de datos, procesamiento de pagos), bajo contratos que exigen confidencialidad y cumplimiento de la legislaci\u00f3n aplicable.<\/span><\/p><p>\u00a0<\/p><p><strong><span style=\"color: #000000;\">b) Por obligaciones legales:<\/span><\/strong><\/p><p><span style=\"color: #000000;\">Podemos divulgar informaci\u00f3n si as\u00ed lo exige la ley, una orden judicial o una autoridad competente.<\/span><\/p><p>\u00a0<\/p><p><strong><span style=\"color: #000000;\">c) En caso de operaciones corporativas:<\/span><\/strong><\/p><p><span style=\"color: #000000;\">En el contexto de una fusi\u00f3n, adquisici\u00f3n, reorganizaci\u00f3n o venta de activos, su informaci\u00f3n puede ser transferida conforme a la legislaci\u00f3n vigente.<\/span><\/p>\t\t\t\t\t\t\t\t<\/div>\n\t\t\t\t\t<\/div>\n\t\t\t\t<\/div>\n\t\t<div class=\"elementor-element elementor-element-55760fa e-flex e-con-boxed parallax_section_no qode_elementor_container_no e-con e-parent\" data-id=\"55760fa\" data-element_type=\"container\" data-e-type=\"container\">\n\t\t\t\t\t<div class=\"e-con-inner\">\n\t\t\t\t<div class=\"elementor-element elementor-element-eefa8f0 elementor-widget elementor-widget-text-editor\" data-id=\"eefa8f0\" data-element_type=\"widget\" data-e-type=\"widget\" data-widget_type=\"text-editor.default\">\n\t\t\t\t\t\t\t\t\t<p><strong><span style=\"color: #000000; font-family: Barlow Condensed; font-size: 18px;\"><br \/>5. USO DE COOKIES Y TECNONOLOG\u00cdAS SIMILARES<br \/><\/span><\/strong><br \/><span style=\"color: #000000;\">Utilizamos cookies y tecnolog\u00edas similares (como etiquetas de p\u00edxel o scripts) para:<\/span><\/p><p>\u00a0<\/p><p><span style=\"color: #000000;\">\u2022 Analizar el tr\u00e1fico del Sitio<\/span><br \/><span style=\"color: #000000;\">\u2022 Recordar sus preferencias<\/span><br \/><span style=\"color: #000000;\">\u2022 Mejorar la funcionalidad y experiencia del usuario<\/span><\/p><p>\u00a0<\/p><p><span style=\"color: #000000;\">Estas tecnolog\u00edas pueden incluir cookies propias o de terceros, como aquellas utilizadas para an\u00e1lisis web (por ejemplo, Google Analytics).<strong> No utilizamos cookies para publicidad conductual ni vendemos la informaci\u00f3n recopilada.<\/strong><\/span><\/p><p>\u00a0<\/p><p><span style=\"color: #000000;\">Cierta informaci\u00f3n recopilada mediante cookies puede ser compartida con proveedores de servicios externos que nos asisten en el an\u00e1lisis del uso del Sitio. Estos terceros est\u00e1n obligados a utilizar dicha informaci\u00f3n \u00fanicamente bajo nuestras instrucciones y conforme a la legislaci\u00f3n vigente.<\/span><\/p><p>\u00a0<\/p><p><span style=\"color: #000000;\">Puede configurar <\/span><span style=\"color: #000000;\">su navegador para rechazar o eliminar cookies. Tenga en cuenta que algunas funcionalidades del Sitio pueden verse limitadas si desactiva las cookies.<\/span><\/p><p>\u00a0<\/p><p><span style=\"color: #000000;\">Respetamos las se\u00f1ales de \u201c<strong>Do Not Track (DNT)<\/strong>\u201d seg\u00fan lo exige la legislaci\u00f3n de California.<\/span><\/p><p>\u00a0<\/p><p><span style=\"color: #000000;\">Si desea m\u00e1s informaci\u00f3n sobre el uso de cookies o limitar su uso, puede escribirnos a info@eltriunfo.com.<\/span><\/p>\t\t\t\t\t\t\t\t<\/div>\n\t\t\t\t\t<\/div>\n\t\t\t\t<\/div>\n\t\t<div class=\"elementor-element elementor-element-2029f7f e-flex e-con-boxed parallax_section_no qode_elementor_container_no e-con e-parent\" data-id=\"2029f7f\" data-element_type=\"container\" data-e-type=\"container\">\n\t\t\t\t\t<div class=\"e-con-inner\">\n\t\t\t\t<div class=\"elementor-element elementor-element-4f4205b elementor-widget elementor-widget-text-editor\" data-id=\"4f4205b\" data-element_type=\"widget\" data-e-type=\"widget\" data-widget_type=\"text-editor.default\">\n\t\t\t\t\t\t\t\t\t<p><strong><span style=\"color: #000000; font-family: Barlow Condensed; font-size: 18px;\"><br \/>6. CONSERVACI\u00d3N DE LOS DATOS<br \/><\/span><\/strong><\/p><p>\u00a0<\/p><p><span style=\"color: #000000;\">Conservamos su informaci\u00f3n personal durante el tiempo necesario para cumplir con las finalidades descritas en esta Pol\u00edtica o durante el per\u00edodo requerido por leyes fiscales, contables, contractuales o regulatorias.<\/span><\/p>\t\t\t\t\t\t\t\t<\/div>\n\t\t\t\t\t<\/div>\n\t\t\t\t<\/div>\n\t\t<div class=\"elementor-element elementor-element-d50af75 e-flex e-con-boxed parallax_section_no qode_elementor_container_no e-con e-parent\" data-id=\"d50af75\" data-element_type=\"container\" data-e-type=\"container\">\n\t\t\t\t\t<div class=\"e-con-inner\">\n\t\t\t\t<div class=\"elementor-element elementor-element-d6e3047 elementor-widget elementor-widget-text-editor\" data-id=\"d6e3047\" data-element_type=\"widget\" data-e-type=\"widget\" data-widget_type=\"text-editor.default\">\n\t\t\t\t\t\t\t\t\t<p><strong><span style=\"color: #000000; font-family: Barlow Condensed; font-size: 18px;\"><br \/>7. SEGURIDAD DE LA INFORMACI\u00d3N<br \/><\/span><\/strong><\/p><p>\u00a0<\/p><p><span style=\"color: #000000;\">Aplicamos medidas t\u00e9cnicas y organizativas razonables para proteger su informaci\u00f3n personal contra accesos no autorizados, p\u00e9rdida, uso indebido o divulgaci\u00f3n.<\/span><\/p><p>\u00a0<\/p><p><span style=\"color: #000000;\">No obstante, ning\u00fan sistema de transmisi\u00f3n o almacenamiento electr\u00f3nico es completamente seguro, por lo que <strong>no podemos garantizar seguridad absoluta<\/strong>.<\/span><\/p>\t\t\t\t\t\t\t\t<\/div>\n\t\t\t\t\t<\/div>\n\t\t\t\t<\/div>\n\t\t<div class=\"elementor-element elementor-element-cb0ca81 e-flex e-con-boxed parallax_section_no qode_elementor_container_no e-con e-parent\" data-id=\"cb0ca81\" data-element_type=\"container\" data-e-type=\"container\">\n\t\t\t\t\t<div class=\"e-con-inner\">\n\t\t\t\t<div class=\"elementor-element elementor-element-9ba5cc3 elementor-widget elementor-widget-text-editor\" data-id=\"9ba5cc3\" data-element_type=\"widget\" data-e-type=\"widget\" data-widget_type=\"text-editor.default\">\n\t\t\t\t\t\t\t\t\t<p>\u00a0<\/p><p><strong><span style=\"color: #000000; font-family: Barlow Condensed; font-size: 18px;\">8. DERECHOS DE LOS RESIDENTES EN CALIFORIA<br \/><\/span><\/strong><\/p><p>\u00a0<\/p><p><span style=\"color: #000000;\">Si usted reside en California, tiene los siguientes derechos conforme a la CCPA y la CPRA:<\/span><\/p><p><br \/><span style=\"color: #000000;\"><strong>\u2022 Derecho a saber:<\/strong> puede solicitar que le informemos sobre qu\u00e9 datos personales recopilamos, c\u00f3mo los usamos, de d\u00f3nde los obtenemos y si los compartimos.<\/span><\/p><p><br \/><span style=\"color: #000000;\"><strong>\u2022 Derecho a eliminar:<\/strong> puede solicitarnos que eliminemos sus datos personales, con las excepciones previstas en la ley.<\/span><\/p><p><br \/><span style=\"color: #000000;\"><strong>\u2022 Derecho a corregir:<\/strong> puede solicitar la correcci\u00f3n de datos personales inexactos.<\/span><\/p><p><br \/><span style=\"color: #000000;\"><strong>\u2022 Derecho a no ser discriminado:<\/strong> no lo discriminaremos por ejercer sus derechos de privacidad.<\/span><\/p><p><br \/><span style=\"color: #000000;\"><strong>\u2022 Derecho a limitar el uso de datos sensibles:<\/strong> no aplicable, ya que no recopilamos este tipo de datos.<\/span><\/p><p>\u00a0<\/p><p><span style=\"color: #000000;\">Puede ejercer cualquiera de estos derechos escribi\u00e9ndonos a:<\/span><\/p><p>\u00a0<\/p><p><span style=\"color: #000000;\"><strong>Correo electr\u00f3nico:<\/strong> info@eltriunfo.com<\/span><br \/><span style=\"color: #000000;\"><strong>Tel\u00e9fono:<\/strong> (714) 953-2707<\/span><br \/><strong><span style=\"color: #000000;\">Direcci\u00f3n postal:<\/span><\/strong><br \/><strong><span style=\"color: #000000;\">El Triunfo Corporation<\/span><\/strong><br \/><span style=\"color: #000000;\">1415 E 17th St Suite 260<\/span><br \/><span style=\"color: #000000;\">Santa Ana, CA 92705<\/span><\/p><p>\u00a0<\/p><p><span style=\"color: #000000;\">Podr\u00edamos solicitar informaci\u00f3n adicional para verificar su identidad. Tambi\u00e9n puede autorizar a un representante legal para presentar la solicitud en su nombre.<\/span><\/p>\t\t\t\t\t\t\t\t<\/div>\n\t\t\t\t\t<\/div>\n\t\t\t\t<\/div>\n\t\t<div class=\"elementor-element elementor-element-03934d4 e-flex e-con-boxed parallax_section_no qode_elementor_container_no e-con e-parent\" data-id=\"03934d4\" data-element_type=\"container\" data-e-type=\"container\">\n\t\t\t\t\t<div class=\"e-con-inner\">\n\t\t\t\t<div class=\"elementor-element elementor-element-231bfb5 elementor-widget elementor-widget-text-editor\" data-id=\"231bfb5\" data-element_type=\"widget\" data-e-type=\"widget\" data-widget_type=\"text-editor.default\">\n\t\t\t\t\t\t\t\t\t<p>\u00a0<\/p><p><strong><span style=\"color: #000000; font-family: Barlow Condensed; font-size: 18px;\">9. PRIVACIDAD INFANTIL<br \/><\/span><\/strong><\/p><p>\u00a0<\/p><p><span style=\"color: #000000;\">Nuestro Sitio no est\u00e1 dirigido a menores de 13 a\u00f1os. No recopilamos intencionadamente informaci\u00f3n personal de menores. Si descubrimos que hemos recopilado datos personales de un menor sin el consentimiento correspondiente, procederemos a eliminarlos de inmediato.<\/span><\/p>\t\t\t\t\t\t\t\t<\/div>\n\t\t\t\t\t<\/div>\n\t\t\t\t<\/div>\n\t\t<div class=\"elementor-element elementor-element-b3d8d77 e-flex e-con-boxed parallax_section_no qode_elementor_container_no e-con e-parent\" data-id=\"b3d8d77\" data-element_type=\"container\" data-e-type=\"container\">\n\t\t\t\t\t<div class=\"e-con-inner\">\n\t\t\t\t<div class=\"elementor-element elementor-element-0e9da0e elementor-widget elementor-widget-text-editor\" data-id=\"0e9da0e\" data-element_type=\"widget\" data-e-type=\"widget\" data-widget_type=\"text-editor.default\">\n\t\t\t\t\t\t\t\t\t<p>\u00a0<\/p><p><strong><span style=\"color: #000000; font-family: Barlow Condensed; font-size: 18px;\">10. SITIOS DE TERCEROS<\/span><\/strong><\/p><p>\u00a0<\/p><p><span style=\"color: #000000;\">Este Sitio puede contener enlaces a sitios web o servicios externos operados por terceros. No somos responsables de sus pr\u00e1cticas de privacidad ni de su contenido. Le recomendamos revisar sus respectivas pol\u00edticas de privacidad antes de proporcionar informaci\u00f3n personal.<\/span><\/p>\t\t\t\t\t\t\t\t<\/div>\n\t\t\t\t\t<\/div>\n\t\t\t\t<\/div>\n\t\t<div class=\"elementor-element elementor-element-a032039 e-flex e-con-boxed parallax_section_no qode_elementor_container_no e-con e-parent\" data-id=\"a032039\" data-element_type=\"container\" data-e-type=\"container\">\n\t\t\t\t\t<div class=\"e-con-inner\">\n\t\t\t\t<div class=\"elementor-element elementor-element-e2145c9 elementor-widget elementor-widget-text-editor\" data-id=\"e2145c9\" data-element_type=\"widget\" data-e-type=\"widget\" data-widget_type=\"text-editor.default\">\n\t\t\t\t\t\t\t\t\t<p>\u00a0<\/p><p><strong><span style=\"color: #000000; font-family: Barlow Condensed; font-size: 18px;\">11. CAMBIOS A ESTA POL\u00cdTICA<\/span><\/strong><\/p><p>\u00a0<\/p><p><span style=\"color: #000000;\">Nos reservamos el derecho de modificar esta Pol\u00edtica de Privacidad en cualquier momento. Publicaremos cualquier cambio en esta misma p\u00e1gina, indicando la fecha de entrada en vigor.El uso continuo del Sitio despu\u00e9s de dichos cambios constituir\u00e1 su aceptaci\u00f3n de los mismos.<\/span><\/p>\t\t\t\t\t\t\t\t<\/div>\n\t\t\t\t\t<\/div>\n\t\t\t\t<\/div>\n\t\t<div class=\"elementor-element elementor-element-848dee4 e-flex e-con-boxed parallax_section_no qode_elementor_container_no e-con e-parent\" data-id=\"848dee4\" data-element_type=\"container\" data-e-type=\"container\">\n\t\t\t\t\t<div class=\"e-con-inner\">\n\t\t\t\t<div class=\"elementor-element elementor-element-c05d1a5 elementor-widget elementor-widget-text-editor\" data-id=\"c05d1a5\" data-element_type=\"widget\" data-e-type=\"widget\" data-widget_type=\"text-editor.default\">\n\t\t\t\t\t\t\t\t\t<p>\u00a0<\/p><p><span style=\"color: #000000;\"><strong><span style=\"font-family: 'Barlow Condensed'; font-size: 18px;\">12. CONTACTO<\/span><\/strong><\/span><\/p><p><br \/><span style=\"color: #000000;\">Si tiene preguntas sobre esta Pol\u00edtica de Privacidad o desea ejercer sus derechos como consumidor, puede comunicarse con nosotros a trav\u00e9s de los siguientes medios:<\/span><\/p><p><br \/><span style=\"color: #000000;\"><strong>El Triunfo Corporation<\/strong><\/span><br \/><span style=\"color: #000000;\">1415 E 17th St Suite 260<\/span><br \/><span style=\"color: #000000;\">Santa Ana, CA 92705<\/span><br \/><span style=\"color: #000000;\"><strong>Correo electr\u00f3nico:<\/strong> info@eltriunfo.com<\/span><br \/><span style=\"color: #000000;\"><strong>Tel\u00e9fono:<\/strong> (714) 953-2707<\/span><\/p>\t\t\t\t\t\t\t\t<\/div>\n\t\t\t\t\t<\/div>\n\t\t\t\t<\/div>\n\t\t\t\t<\/div>\n\t\t","protected":false},"excerpt":{"rendered":"<p>POL\u00cdTICA DE PRIVACIDAD \u00a0 FECHA DE ENTRADA EN VIGOR: Julio 2025 \u00a0 El Triunfo Corporation (\u201cEl Triunfo\u201d, \u201cnosotros\u201d o \u201cnuestra empresa\u201d) se compromete a proteger la privacidad de los usuarios de su sitio web [www.eltriunfo.com] (el \u201cSitio\u201d), en cumplimiento con las leyes de privacidad aplicables...<\/p>\n","protected":false},"author":3,"featured_media":0,"parent":0,"menu_order":0,"comment_status":"closed","ping_status":"open","template":"","meta":{"footnotes":""},"class_list":["post-6867","page","type-page","status-publish","hentry"],"_links":{"self":[{"href":"https:\/\/eltriunfo.com\/en\/wp-json\/wp\/v2\/pages\/6867","targetHints":{"allow":["GET"]}}],"collection":[{"href":"https:\/\/eltriunfo.com\/en\/wp-json\/wp\/v2\/pages"}],"about":[{"href":"https:\/\/eltriunfo.com\/en\/wp-json\/wp\/v2\/types\/page"}],"author":[{"embeddable":true,"href":"https:\/\/eltriunfo.com\/en\/wp-json\/wp\/v2\/users\/3"}],"replies":[{"embeddable":true,"href":"https:\/\/eltriunfo.com\/en\/wp-json\/wp\/v2\/comments?post=6867"}],"version-history":[{"count":3,"href":"https:\/\/eltriunfo.com\/en\/wp-json\/wp\/v2\/pages\/6867\/revisions"}],"predecessor-version":[{"id":15463,"href":"https:\/\/eltriunfo.com\/en\/wp-json\/wp\/v2\/pages\/6867\/revisions\/15463"}],"wp:attachment":[{"href":"https:\/\/eltriunfo.com\/en\/wp-json\/wp\/v2\/media?parent=6867"}],"curies":[{"name":"wp","href":"https:\/\/api.w.org\/{rel}","templated":true}]}}