{"id":6522,"date":"2025-07-31T18:52:16","date_gmt":"2025-07-31T16:52:16","guid":{"rendered":"https:\/\/eltriunfo.com\/?page_id=6522"},"modified":"2026-02-14T12:28:15","modified_gmt":"2026-02-14T10:28:15","slug":"contacto","status":"publish","type":"page","link":"https:\/\/eltriunfo.com\/en\/contacto\/","title":{"rendered":"CONTACT"},"content":{"rendered":"\t\t<div data-elementor-type=\"wp-page\" data-elementor-id=\"6522\" class=\"elementor elementor-6522\" data-elementor-post-type=\"page\">\n\t\t\t\t<div class=\"elementor-element elementor-element-922b747 elementor-hidden-mobile e-flex e-con-boxed parallax_section_no qode_elementor_container_no e-con e-parent\" data-id=\"922b747\" data-element_type=\"container\" data-e-type=\"container\">\n\t\t\t\t\t<div class=\"e-con-inner\">\n\t\t\t\t<div class=\"elementor-element elementor-element-b9c108f elementor-widget elementor-widget-image\" data-id=\"b9c108f\" data-element_type=\"widget\" data-e-type=\"widget\" data-widget_type=\"image.default\">\n\t\t\t\t\t\t\t\t\t\t\t\t\t\t\t<img fetchpriority=\"high\" decoding=\"async\" width=\"1920\" height=\"480\" src=\"https:\/\/eltriunfo.com\/wp-content\/uploads\/2026\/01\/hombre-contacto-5.jpg\" class=\"attachment-2048x2048 size-2048x2048 wp-image-15207\" alt=\"\" srcset=\"https:\/\/eltriunfo.com\/wp-content\/uploads\/2026\/01\/hombre-contacto-5.jpg 1920w, https:\/\/eltriunfo.com\/wp-content\/uploads\/2026\/01\/hombre-contacto-5-300x75.jpg 300w, https:\/\/eltriunfo.com\/wp-content\/uploads\/2026\/01\/hombre-contacto-5-1024x256.jpg 1024w, https:\/\/eltriunfo.com\/wp-content\/uploads\/2026\/01\/hombre-contacto-5-768x192.jpg 768w, https:\/\/eltriunfo.com\/wp-content\/uploads\/2026\/01\/hombre-contacto-5-1536x384.jpg 1536w, https:\/\/eltriunfo.com\/wp-content\/uploads\/2026\/01\/hombre-contacto-5-18x5.jpg 18w, https:\/\/eltriunfo.com\/wp-content\/uploads\/2026\/01\/hombre-contacto-5-700x175.jpg 700w\" sizes=\"(max-width: 1920px) 100vw, 1920px\" \/>\t\t\t\t\t\t\t\t\t\t\t\t\t\t\t<\/div>\n\t\t\t\t<div class=\"elementor-element elementor-element-4076185 elementor-widget elementor-widget-heading\" data-id=\"4076185\" data-element_type=\"widget\" data-e-type=\"widget\" data-widget_type=\"heading.default\">\n\t\t\t\t\t<h2 class=\"elementor-heading-title elementor-size-default\">CONTACTO<\/h2>\t\t\t\t<\/div>\n\t\t\t\t\t<\/div>\n\t\t\t\t<\/div>\n\t\t<div class=\"elementor-element elementor-element-9ccbe95 elementor-hidden-desktop elementor-hidden-tablet e-flex e-con-boxed parallax_section_no qode_elementor_container_no e-con e-parent\" data-id=\"9ccbe95\" data-element_type=\"container\" data-e-type=\"container\">\n\t\t\t\t\t<div class=\"e-con-inner\">\n\t\t\t\t<div class=\"elementor-element elementor-element-c667115 elementor-widget elementor-widget-image\" data-id=\"c667115\" data-element_type=\"widget\" data-e-type=\"widget\" data-widget_type=\"image.default\">\n\t\t\t\t\t\t\t\t\t\t\t\t\t\t\t<img decoding=\"async\" width=\"600\" height=\"800\" src=\"https:\/\/eltriunfo.com\/wp-content\/uploads\/2026\/01\/hombre-contacto-5-1-600x800.jpg\" class=\"attachment-portfolio-portrait size-portfolio-portrait wp-image-15664\" alt=\"\" \/>\t\t\t\t\t\t\t\t\t\t\t\t\t\t\t<\/div>\n\t\t\t\t<div class=\"elementor-element elementor-element-3a68ebe elementor-widget elementor-widget-heading\" data-id=\"3a68ebe\" data-element_type=\"widget\" data-e-type=\"widget\" data-widget_type=\"heading.default\">\n\t\t\t\t\t<h2 class=\"elementor-heading-title elementor-size-default\">CONTACTO<\/h2>\t\t\t\t<\/div>\n\t\t\t\t\t<\/div>\n\t\t\t\t<\/div>\n\t\t<div class=\"elementor-element elementor-element-978e274 e-flex e-con-boxed parallax_section_no qode_elementor_container_no e-con e-parent\" data-id=\"978e274\" data-element_type=\"container\" data-e-type=\"container\">\n\t\t\t\t\t<div class=\"e-con-inner\">\n\t\t<div class=\"elementor-element elementor-element-0ca6fce e-con-full e-flex parallax_section_no qode_elementor_container_no e-con e-child\" data-id=\"0ca6fce\" data-element_type=\"container\" data-e-type=\"container\">\n\t\t<div class=\"elementor-element elementor-element-d3860c9 e-con-full e-flex parallax_section_no qode_elementor_container_no e-con e-child\" data-id=\"d3860c9\" data-element_type=\"container\" data-e-type=\"container\">\n\t\t\t\t<div class=\"elementor-element elementor-element-2b33c7e elementor-widget elementor-widget-heading\" data-id=\"2b33c7e\" data-element_type=\"widget\" data-e-type=\"widget\" data-widget_type=\"heading.default\">\n\t\t\t\t\t<h2 class=\"elementor-heading-title elementor-size-default\">SU \u00c9XITO COMIENZA CON UN HOLA<\/h2>\t\t\t\t<\/div>\n\t\t\t\t<div class=\"elementor-element elementor-element-763f871 elementor-widget-mobile__width-initial elementor-widget elementor-widget-text-editor\" data-id=\"763f871\" data-element_type=\"widget\" data-e-type=\"widget\" data-widget_type=\"text-editor.default\">\n\t\t\t\t\t\t\t\t\tEn El Triunfo le ayudamos a organizar de forma efectiva sus finanzas y a alcanzar con confianza sus objetivos personales y empresariales. Ya sea que requiera una consulta puntual para resolver una duda espec\u00edfica o una asesor\u00eda integral y continua para optimizar sus recursos, estamos siempre a una llamada, mensaje o correo electr\u00f3nico de distancia. \t\t\t\t\t\t\t\t<\/div>\n\t\t\t\t<\/div>\n\t\t\t\t<\/div>\n\t\t\t\t\t<\/div>\n\t\t\t\t<\/div>\n\t\t<div class=\"elementor-element elementor-element-61fdf10 parallax_section_holder elementor-hidden-tablet elementor-hidden-mobile e-flex e-con-boxed qode_elementor_container_no e-con e-parent\" data-id=\"61fdf10\" data-element_type=\"container\" data-e-type=\"container\" data-settings=\"{&quot;background_background&quot;:&quot;classic&quot;,&quot;qode_parallax_image&quot;:{&quot;url&quot;:&quot;&quot;,&quot;id&quot;:&quot;&quot;,&quot;size&quot;:&quot;&quot;,&quot;alt&quot;:&quot;&quot;,&quot;source&quot;:&quot;library&quot;}}\">\n\t\t\t\t\t<div class=\"e-con-inner\">\n\t\t\t\t<div class=\"elementor-element elementor-element-2bb4267 elementor-widget-mobile__width-initial elementor-widget elementor-widget-heading\" data-id=\"2bb4267\" data-element_type=\"widget\" data-e-type=\"widget\" data-widget_type=\"heading.default\">\n\t\t\t\t\t<h2 class=\"elementor-heading-title elementor-size-default\">NO LO PIENSE CONTACTENOS_<\/h2>\t\t\t\t<\/div>\n\t\t\t\t<div class=\"elementor-element elementor-element-310588d cita-form2 elementor-widget__width-initial elementor-widget-mobile__width-initial elementor-widget elementor-widget-form\" data-id=\"310588d\" data-element_type=\"widget\" data-e-type=\"widget\" data-settings=\"{&quot;step_next_label&quot;:&quot;Siguiente&quot;,&quot;step_previous_label&quot;:&quot;Anterior&quot;,&quot;button_width&quot;:&quot;100&quot;,&quot;step_type&quot;:&quot;number_text&quot;,&quot;step_icon_shape&quot;:&quot;circle&quot;}\" data-widget_type=\"form.default\">\n\t\t\t\t\t\t\t<form class=\"elementor-form\" method=\"post\" name=\"Nuevo formulario\" aria-label=\"Nuevo formulario\">\n\t\t\t<input type=\"hidden\" name=\"post_id\" value=\"6522\"\/>\n\t\t\t<input type=\"hidden\" name=\"form_id\" value=\"310588d\"\/>\n\t\t\t<input type=\"hidden\" name=\"referer_title\" value=\"CONTACTO\" \/>\n\n\t\t\t\t\t\t\t<input type=\"hidden\" name=\"queried_id\" value=\"6522\"\/>\n\t\t\t\n\t\t\t<div class=\"elementor-form-fields-wrapper elementor-labels-above\">\n\t\t\t\t\t\t\t\t<div class=\"elementor-field-type-text elementor-field-group elementor-column elementor-field-group-name elementor-col-100 elementor-field-required elementor-mark-required\">\n\t\t\t\t\t\t\t\t\t\t\t\t\t<input size=\"1\" type=\"text\" name=\"form_fields[name]\" id=\"form-field-name\" class=\"elementor-field elementor-size-sm  elementor-field-textual\" placeholder=\"Nombre\" required=\"required\">\n\t\t\t\t\t\t\t\t\t\t\t<\/div>\n\t\t\t\t\t\t\t\t<div class=\"elementor-field-type-html elementor-field-group elementor-column elementor-field-group-field_e60077b elementor-col-100\">\n\t\t\t\t\t<div style=\"font-family: 'Barlow Condensed', sans-serif; font-weight: 400; line-height: 1;\">\n  <span style=\"font-size:25px;\">DIRECCI\u00d3N<\/span><br>\n  <span style=\"font-size:20px;\">1415 E 17th St Suite 260<\/span><br>\n  <span style=\"font-size:20px;\">Santa Ana, CA 92705<\/span><br><br>\n\n  <span style=\"font-size:25px;\">HORARIO<\/span><br>\n  <span style=\"font-size:20px;\">De lunes a viernes<\/span><br>\n  <span style=\"font-size:20px;\">de 9:00 a.m. - 6.00 p.m.<\/span><br><br>\n\n<span style=\"font-size:25px;\">LL\u00c1MANOS<\/span><br>\n<a href=\"tel:+17149532707\" style=\"font-size:20px; color:inherit; text-decoration:none; display:inline-flex; align-items:center;\">\n  (714) 953-2707\n<\/a><br><br>\n\n  <span style=\"font-size:25px;\">ESCR\u00cdBENOS<\/span><br>\n  <span style=\"font-size:20px;\">info@eltriunfo.com<\/span><br><br>\n<\/div>\n\t\t\t\t<\/div>\n\t\t\t\t\t\t\t\t<div class=\"elementor-field-type-text elementor-field-group elementor-column elementor-field-group-field_7abe8c0 elementor-col-100\">\n\t\t\t\t\t\t\t\t\t\t\t\t\t<input size=\"1\" type=\"text\" name=\"form_fields[field_7abe8c0]\" id=\"form-field-field_7abe8c0\" class=\"elementor-field elementor-size-sm  elementor-field-textual\" placeholder=\"Empresa (opcional)\">\n\t\t\t\t\t\t\t\t\t\t\t<\/div>\n\t\t\t\t\t\t\t\t<div class=\"elementor-field-type-html elementor-field-group elementor-column elementor-field-group-field_96a9b16 elementor-col-100\">\n\t\t\t\t\t \t\t\t\t<\/div>\n\t\t\t\t\t\t\t\t<div class=\"elementor-field-type-email elementor-field-group elementor-column elementor-field-group-email elementor-col-100 elementor-field-required elementor-mark-required\">\n\t\t\t\t\t\t\t\t\t\t\t\t\t<input size=\"1\" type=\"email\" name=\"form_fields[email]\" id=\"form-field-email\" class=\"elementor-field elementor-size-sm  elementor-field-textual\" placeholder=\"Email\" required=\"required\">\n\t\t\t\t\t\t\t\t\t\t\t<\/div>\n\t\t\t\t\t\t\t\t<div class=\"elementor-field-type-html elementor-field-group elementor-column elementor-field-group-field_ca0896a elementor-col-100\">\n\t\t\t\t\t  \t\t\t\t<\/div>\n\t\t\t\t\t\t\t\t<div class=\"elementor-field-type-tel elementor-field-group elementor-column elementor-field-group-field_d4ba130 elementor-col-100 elementor-field-required elementor-mark-required\">\n\t\t\t\t\t\t\t<input size=\"1\" type=\"tel\" name=\"form_fields[field_d4ba130]\" id=\"form-field-field_d4ba130\" class=\"elementor-field elementor-size-sm  elementor-field-textual\" placeholder=\"Tel\u00e9fono\" required=\"required\" pattern=\"[0-9()#&amp;+*-=.]+\" title=\"Solo se aceptan n\u00fameros y caracteres de tel\u00e9fono (#,-,*,etc).\">\n\n\t\t\t\t\t\t<\/div>\n\t\t\t\t\t\t\t\t<div class=\"elementor-field-type-select elementor-field-group elementor-column elementor-field-group-field_cf5418d elementor-col-100 elementor-field-required elementor-mark-required\">\n\t\t\t\t\t\t\t<div class=\"elementor-field elementor-select-wrapper remove-before \">\n\t\t\t<div class=\"select-caret-down-wrapper\">\n\t\t\t\t<svg aria-hidden=\"true\" class=\"e-font-icon-svg e-eicon-caret-down\" viewBox=\"0 0 571.4 571.4\" xmlns=\"http:\/\/www.w3.org\/2000\/svg\"><path d=\"M571 393Q571 407 561 418L311 668Q300 679 286 679T261 668L11 418Q0 407 0 393T11 368 36 357H536Q550 357 561 368T571 393Z\"><\/path><\/svg>\t\t\t<\/div>\n\t\t\t<select name=\"form_fields[field_cf5418d]\" id=\"form-field-field_cf5418d\" class=\"elementor-field-textual elementor-size-sm\" required=\"required\">\n\t\t\t\t\t\t\t\t\t<option value=\"Elija el servicio requerido \">Elija el servicio requerido <\/option>\n\t\t\t\t\t\t\t\t\t<option value=\"Contabilidad\">Contabilidad<\/option>\n\t\t\t\t\t\t\t\t\t<option value=\"Servicios financieros\">Servicios financieros<\/option>\n\t\t\t\t\t\t\t\t\t<option value=\"Payroll\">Payroll<\/option>\n\t\t\t\t\t\t\t\t\t<option value=\"Taxes\">Taxes<\/option>\n\t\t\t\t\t\t\t\t\t<option value=\"Seguros\">Seguros<\/option>\n\t\t\t\t\t\t\t\t\t<option value=\"Constituci\u00f3n de empresas\">Constituci\u00f3n de empresas<\/option>\n\t\t\t\t\t\t\t\t\t<option value=\"Resolucion de auditoria\">Resolucion de auditoria<\/option>\n\t\t\t\t\t\t\t<\/select>\n\t\t<\/div>\n\t\t\t\t\t\t<\/div>\n\t\t\t\t\t\t\t\t<div class=\"elementor-field-type-textarea elementor-field-group elementor-column elementor-field-group-field_2f9f1bb elementor-col-100 elementor-field-required elementor-mark-required\">\n\t\t\t\t\t<textarea class=\"elementor-field-textual elementor-field  elementor-size-sm\" name=\"form_fields[field_2f9f1bb]\" id=\"form-field-field_2f9f1bb\" rows=\"4\" placeholder=\"M\u00e1s concretamente\" required=\"required\"><\/textarea>\t\t\t\t<\/div>\n\t\t\t\t\t\t\t\t<div class=\"elementor-field-type-recaptcha_v3 elementor-field-group elementor-column elementor-field-group-field_66676e3 elementor-col-100 recaptcha_v3-bottomleft\">\n\t\t\t\t\t<div class=\"elementor-field\" id=\"form-field-field_66676e3\"><div class=\"elementor-g-recaptcha\" data-sitekey=\"6LdDQ2ssAAAAAO-dXhCgRoG_yMnSB8WW_MxM0-3z\" data-type=\"v3\" data-action=\"Form\" data-badge=\"bottomleft\" data-size=\"invisible\"><\/div><\/div>\t\t\t\t<\/div>\n\t\t\t\t\t\t\t\t<div class=\"elementor-field-group elementor-column elementor-field-type-submit elementor-col-100 e-form__buttons\">\n\t\t\t\t\t<button class=\"elementor-button elementor-size-sm\" type=\"submit\">\n\t\t\t\t\t\t<span class=\"elementor-button-content-wrapper\">\n\t\t\t\t\t\t\t\t\t\t\t\t\t\t\t<span class=\"elementor-button-icon\">\n\t\t\t\t\t\t\t\t\t<svg xmlns=\"http:\/\/www.w3.org\/2000\/svg\" xmlns:xlink=\"http:\/\/www.w3.org\/1999\/xlink\" id=\"Capa_1\" x=\"0px\" y=\"0px\" viewBox=\"0 0 122.3 118.4\" style=\"enable-background:new 0 0 122.3 118.4;\" xml:space=\"preserve\"><style type=\"text\/css\">\t.st0{fill:#FFCD00;}<\/style><path class=\"st0\" d=\"M61,107.6c-14.9,0-25.9-8.2-31.1-13.1l4.8-5.1c4.6,4.3,14.1,11.4,26.9,11.2c22.8-0.4,38.1-20,38.1-38  c0-21-17.1-38-38-38c-9.1,0-18,3.3-24.9,9.3l-4.6-5.3c8.2-7.1,18.7-11,29.5-11c24.8,0,45,20.2,45,45c0,26.5-23.3,44.7-45,45.1  C61.5,107.6,61.2,107.6,61,107.6z\"><\/path><g>\t<rect x=\"25.6\" y=\"60.5\" class=\"st0\" width=\"38.2\" height=\"4\"><\/rect>\t<polygon class=\"st0\" points=\"55.9,69.3 62.7,62.5 55.9,55.7 61.7,55.7 68.4,62.5 61.7,69.3  \"><\/polygon><\/g><\/svg>\t\t\t\t\t\t\t\t\t\t\t\t\t\t\t\t\t<\/span>\n\t\t\t\t\t\t\t\t\t\t\t\t\t\t\t\t\t\t\t\t\t\t<span class=\"elementor-button-text\">AGENDE AQUI SU CITA<\/span>\n\t\t\t\t\t\t\t\t\t\t\t\t\t<\/span>\n\t\t\t\t\t<\/button>\n\t\t\t\t<\/div>\n\t\t\t<\/div>\n\t\t<\/form>\n\t\t\t\t\t\t<\/div>\n\t\t\t\t\t<\/div>\n\t\t\t\t<\/div>\n\t\t<div class=\"elementor-element elementor-element-2333991 parallax_section_holder elementor-hidden-desktop e-flex e-con-boxed qode_elementor_container_no e-con e-parent\" data-id=\"2333991\" data-element_type=\"container\" data-e-type=\"container\" data-settings=\"{&quot;background_background&quot;:&quot;classic&quot;,&quot;qode_parallax_image&quot;:{&quot;url&quot;:&quot;&quot;,&quot;id&quot;:&quot;&quot;,&quot;size&quot;:&quot;&quot;,&quot;alt&quot;:&quot;&quot;,&quot;source&quot;:&quot;library&quot;}}\">\n\t\t\t\t\t<div class=\"e-con-inner\">\n\t\t\t\t<div class=\"elementor-element elementor-element-28ca1ec elementor-widget-mobile__width-initial elementor-widget elementor-widget-text-editor\" data-id=\"28ca1ec\" data-element_type=\"widget\" data-e-type=\"widget\" data-widget_type=\"text-editor.default\">\n\t\t\t\t\t\t\t\t\t<div style=\"color: black; font-family: 'Barlow Condensed', sans-serif; font-size: 16px; font-weight: 600; letter-spacing: 0.0em;\">\n<span style=\"font-weight: 600; font-size: 18px; font-family: 'Barlow Condensed', sans-serif; color: black;\">DIRECCI\u00d3N<\/span><br>\n<span style=\"font-size: 16px; font-weight: 400; font-family: 'hind', sans-serif;\">1415 E 17th St Suite 260<\/span><br>\n<span style=\"font-size: 16px; font-family: 'hind', sans-serif; font-weight: 400;\">Santa Ana, CA 92705<\/span><br>\n<br>\n<span style=\"font-size: 18px; font-family: 'Barlow Condensed', sans-serif; font-weight: 600;\">HORARIO<\/span><br>\n<span style=\"font-size: 16px; font-weight: 400; font-family: 'hind', sans-serif;\">De lunes a viernes<\/span><br>\n<span style=\"font-size: 16px; font-weight: 400; font-family: 'hind', sans-serif;\">de 9.00 a 18.00 h.<\/span><br><br>\n\n<span style=\"font-size: 18px; font-weight: 600; font-family: 'Barlow Condensed', sans-serif;\">LL\u00c1MANOS<\/span><br>\n<span style=\"font-size: 16px; font-weight: 400; font-family: 'hind', sans-serif;\">(714) 953-2707<\/span><br><br>\n\n<span style=\"font-size: 18px; font-weight: 600; font-family: 'Barlow Condensed', sans-serif;\">ESCR\u00cdBENOS<\/span><br>\n<span style=\"font-size: 16px; ;font-weight: 400; font-family: 'hind', sans-serif;\">info@eltriunfo.com<\/span>\n\n<\/div>\t\t\t\t\t\t\t\t<\/div>\n\t\t\t\t<div class=\"elementor-element elementor-element-0409f99 elementor-widget-mobile__width-initial elementor-widget elementor-widget-heading\" data-id=\"0409f99\" data-element_type=\"widget\" data-e-type=\"widget\" data-widget_type=\"heading.default\">\n\t\t\t\t\t<h2 class=\"elementor-heading-title elementor-size-default\">NO LO PIENSE, CONT\u00c1CTENOS_<\/h2>\t\t\t\t<\/div>\n\t\t\t\t<div class=\"elementor-element elementor-element-29e3d36 elementor-widget__width-initial elementor-widget-mobile__width-initial elementor-widget elementor-widget-form\" data-id=\"29e3d36\" data-element_type=\"widget\" data-e-type=\"widget\" data-settings=\"{&quot;step_next_label&quot;:&quot;Siguiente&quot;,&quot;step_previous_label&quot;:&quot;Anterior&quot;,&quot;button_width&quot;:&quot;100&quot;,&quot;step_type&quot;:&quot;number_text&quot;,&quot;step_icon_shape&quot;:&quot;circle&quot;}\" data-widget_type=\"form.default\">\n\t\t\t\t\t\t\t<form class=\"elementor-form\" method=\"post\" name=\"Nuevo formulario\" aria-label=\"Nuevo formulario\">\n\t\t\t<input type=\"hidden\" name=\"post_id\" value=\"6522\"\/>\n\t\t\t<input type=\"hidden\" name=\"form_id\" value=\"29e3d36\"\/>\n\t\t\t<input type=\"hidden\" name=\"referer_title\" value=\"CONTACTO\" \/>\n\n\t\t\t\t\t\t\t<input type=\"hidden\" name=\"queried_id\" value=\"6522\"\/>\n\t\t\t\n\t\t\t<div class=\"elementor-form-fields-wrapper elementor-labels-above\">\n\t\t\t\t\t\t\t\t<div class=\"elementor-field-type-text elementor-field-group elementor-column elementor-field-group-name elementor-col-100 elementor-md-100 elementor-field-required elementor-mark-required\">\n\t\t\t\t\t\t\t\t\t\t\t\t\t<input size=\"1\" type=\"text\" name=\"form_fields[name]\" id=\"form-field-name\" class=\"elementor-field elementor-size-sm  elementor-field-textual\" placeholder=\"Nombre\" required=\"required\">\n\t\t\t\t\t\t\t\t\t\t\t<\/div>\n\t\t\t\t\t\t\t\t<div class=\"elementor-field-type-text elementor-field-group elementor-column elementor-field-group-field_7abe8c0 elementor-col-100\">\n\t\t\t\t\t\t\t\t\t\t\t\t\t<input size=\"1\" type=\"text\" name=\"form_fields[field_7abe8c0]\" id=\"form-field-field_7abe8c0\" class=\"elementor-field elementor-size-sm  elementor-field-textual\" placeholder=\"Empresa (opcional)\">\n\t\t\t\t\t\t\t\t\t\t\t<\/div>\n\t\t\t\t\t\t\t\t<div class=\"elementor-field-type-email elementor-field-group elementor-column elementor-field-group-email elementor-col-100 elementor-field-required elementor-mark-required\">\n\t\t\t\t\t\t\t\t\t\t\t\t\t<input size=\"1\" type=\"email\" name=\"form_fields[email]\" id=\"form-field-email\" class=\"elementor-field elementor-size-sm  elementor-field-textual\" placeholder=\"Email\" required=\"required\">\n\t\t\t\t\t\t\t\t\t\t\t<\/div>\n\t\t\t\t\t\t\t\t<div class=\"elementor-field-type-tel elementor-field-group elementor-column elementor-field-group-field_d4ba130 elementor-col-100 elementor-field-required elementor-mark-required\">\n\t\t\t\t\t\t\t<input size=\"1\" type=\"tel\" name=\"form_fields[field_d4ba130]\" id=\"form-field-field_d4ba130\" class=\"elementor-field elementor-size-sm  elementor-field-textual\" placeholder=\"Tel\u00e9fono\" required=\"required\" pattern=\"[0-9()#&amp;+*-=.]+\" title=\"Solo se aceptan n\u00fameros y caracteres de tel\u00e9fono (#,-,*,etc).\">\n\n\t\t\t\t\t\t<\/div>\n\t\t\t\t\t\t\t\t<div class=\"elementor-field-type-select elementor-field-group elementor-column elementor-field-group-field_cf5418d elementor-col-100 elementor-field-required elementor-mark-required\">\n\t\t\t\t\t\t\t<div class=\"elementor-field elementor-select-wrapper remove-before \">\n\t\t\t<div class=\"select-caret-down-wrapper\">\n\t\t\t\t<svg aria-hidden=\"true\" class=\"e-font-icon-svg e-eicon-caret-down\" viewBox=\"0 0 571.4 571.4\" xmlns=\"http:\/\/www.w3.org\/2000\/svg\"><path d=\"M571 393Q571 407 561 418L311 668Q300 679 286 679T261 668L11 418Q0 407 0 393T11 368 36 357H536Q550 357 561 368T571 393Z\"><\/path><\/svg>\t\t\t<\/div>\n\t\t\t<select name=\"form_fields[field_cf5418d]\" id=\"form-field-field_cf5418d\" class=\"elementor-field-textual elementor-size-sm\" required=\"required\">\n\t\t\t\t\t\t\t\t\t<option value=\"Elija el servicio requerido \">Elija el servicio requerido <\/option>\n\t\t\t\t\t\t\t\t\t<option value=\"Contabilidad\">Contabilidad<\/option>\n\t\t\t\t\t\t\t\t\t<option value=\"Servicios financieros\">Servicios financieros<\/option>\n\t\t\t\t\t\t\t\t\t<option value=\"Payroll\">Payroll<\/option>\n\t\t\t\t\t\t\t\t\t<option value=\"Taxes\">Taxes<\/option>\n\t\t\t\t\t\t\t\t\t<option value=\"Seguros\">Seguros<\/option>\n\t\t\t\t\t\t\t\t\t<option value=\"Constituci\u00f3n de empresas\">Constituci\u00f3n de empresas<\/option>\n\t\t\t\t\t\t\t\t\t<option value=\"Resolucion de auditoria\">Resolucion de auditoria<\/option>\n\t\t\t\t\t\t\t<\/select>\n\t\t<\/div>\n\t\t\t\t\t\t<\/div>\n\t\t\t\t\t\t\t\t<div class=\"elementor-field-type-textarea elementor-field-group elementor-column elementor-field-group-field_2f9f1bb elementor-col-100 elementor-field-required elementor-mark-required\">\n\t\t\t\t\t<textarea class=\"elementor-field-textual elementor-field  elementor-size-sm\" name=\"form_fields[field_2f9f1bb]\" id=\"form-field-field_2f9f1bb\" rows=\"4\" placeholder=\"M\u00e1s concretamente\" required=\"required\"><\/textarea>\t\t\t\t<\/div>\n\t\t\t\t\t\t\t\t<div class=\"elementor-field-type-recaptcha_v3 elementor-field-group elementor-column elementor-field-group-field_66676e3 elementor-col-100 recaptcha_v3-bottomleft\">\n\t\t\t\t\t<div class=\"elementor-field\" id=\"form-field-field_66676e3\"><div class=\"elementor-g-recaptcha\" data-sitekey=\"6LdDQ2ssAAAAAO-dXhCgRoG_yMnSB8WW_MxM0-3z\" data-type=\"v3\" data-action=\"Form\" data-badge=\"bottomleft\" data-size=\"invisible\"><\/div><\/div>\t\t\t\t<\/div>\n\t\t\t\t\t\t\t\t<div class=\"elementor-field-group elementor-column elementor-field-type-submit elementor-col-100 e-form__buttons\">\n\t\t\t\t\t<button class=\"elementor-button elementor-size-sm\" type=\"submit\">\n\t\t\t\t\t\t<span class=\"elementor-button-content-wrapper\">\n\t\t\t\t\t\t\t\t\t\t\t\t\t\t\t<span class=\"elementor-button-icon\">\n\t\t\t\t\t\t\t\t\t<svg xmlns=\"http:\/\/www.w3.org\/2000\/svg\" xmlns:xlink=\"http:\/\/www.w3.org\/1999\/xlink\" id=\"Capa_1\" x=\"0px\" y=\"0px\" viewBox=\"0 0 122.3 118.4\" style=\"enable-background:new 0 0 122.3 118.4;\" xml:space=\"preserve\"><style type=\"text\/css\">\t.st0{fill:#FFCD00;}<\/style><path class=\"st0\" d=\"M61,107.6c-14.9,0-25.9-8.2-31.1-13.1l4.8-5.1c4.6,4.3,14.1,11.4,26.9,11.2c22.8-0.4,38.1-20,38.1-38  c0-21-17.1-38-38-38c-9.1,0-18,3.3-24.9,9.3l-4.6-5.3c8.2-7.1,18.7-11,29.5-11c24.8,0,45,20.2,45,45c0,26.5-23.3,44.7-45,45.1  C61.5,107.6,61.2,107.6,61,107.6z\"><\/path><g>\t<rect x=\"25.6\" y=\"60.5\" class=\"st0\" width=\"38.2\" height=\"4\"><\/rect>\t<polygon class=\"st0\" points=\"55.9,69.3 62.7,62.5 55.9,55.7 61.7,55.7 68.4,62.5 61.7,69.3  \"><\/polygon><\/g><\/svg>\t\t\t\t\t\t\t\t\t\t\t\t\t\t\t\t\t<\/span>\n\t\t\t\t\t\t\t\t\t\t\t\t\t\t\t\t\t\t\t\t\t\t<span class=\"elementor-button-text\">AGENDE AQUI SU CITA<\/span>\n\t\t\t\t\t\t\t\t\t\t\t\t\t<\/span>\n\t\t\t\t\t<\/button>\n\t\t\t\t<\/div>\n\t\t\t<\/div>\n\t\t<\/form>\n\t\t\t\t\t\t<\/div>\n\t\t\t\t\t<\/div>\n\t\t\t\t<\/div>\n\t\t<div class=\"elementor-element elementor-element-c53db0f e-flex e-con-boxed parallax_section_no qode_elementor_container_no e-con e-parent\" data-id=\"c53db0f\" data-element_type=\"container\" data-e-type=\"container\">\n\t\t\t\t\t<div class=\"e-con-inner\">\n\t\t\t\t<div class=\"elementor-element elementor-element-689641f elementor-widget elementor-widget-google_maps\" data-id=\"689641f\" data-element_type=\"widget\" data-e-type=\"widget\" data-widget_type=\"google_maps.default\">\n\t\t\t\t\t\t\t<div class=\"elementor-custom-embed\">\n\t\t\t<iframe loading=\"lazy\"\n\t\t\t\t\tsrc=\"https:\/\/maps.google.com\/maps?q=1415%20E%2017th%20St%20Suite%20260&#038;t=m&#038;z=16&#038;output=embed&#038;iwloc=near\"\n\t\t\t\t\ttitle=\"1415 E 17th St Suite 260\"\n\t\t\t\t\taria-label=\"1415 E 17th St Suite 260\"\n\t\t\t><\/iframe>\n\t\t<\/div>\n\t\t\t\t\t\t<\/div>\n\t\t\t\t\t<\/div>\n\t\t\t\t<\/div>\n\t\t<div class=\"elementor-element elementor-element-743723f e-flex e-con-boxed parallax_section_no qode_elementor_container_no e-con e-parent\" data-id=\"743723f\" data-element_type=\"container\" data-e-type=\"container\">\n\t\t\t\t\t<div class=\"e-con-inner\">\n\t\t\t\t<div class=\"elementor-element elementor-element-0dd7a02 elementor-widget-mobile__width-initial elementor-widget-tablet__width-initial elementor-widget elementor-widget-heading\" data-id=\"0dd7a02\" data-element_type=\"widget\" data-e-type=\"widget\" data-widget_type=\"heading.default\">\n\t\t\t\t\t<h2 class=\"elementor-heading-title elementor-size-default\">LLEGA FACILMENTE A NUESTRAS OFICINAS<\/h2>\t\t\t\t<\/div>\n\t\t\t\t<div class=\"elementor-element elementor-element-ac71b5b elementor-widget-mobile__width-initial elementor-widget-tablet__width-initial elementor-widget elementor-widget-video\" data-id=\"ac71b5b\" data-element_type=\"widget\" data-e-type=\"widget\" data-settings=\"{&quot;youtube_url&quot;:&quot;https:\\\/\\\/www.youtube.com\\\/watch?v=I2ReL4A77Ds&quot;,&quot;show_image_overlay&quot;:&quot;yes&quot;,&quot;image_overlay&quot;:{&quot;url&quot;:&quot;&quot;,&quot;id&quot;:&quot;&quot;,&quot;size&quot;:&quot;&quot;},&quot;video_type&quot;:&quot;youtube&quot;,&quot;controls&quot;:&quot;yes&quot;}\" data-widget_type=\"video.default\">\n\t\t\t\t\t\t\t<div class=\"elementor-wrapper elementor-open-inline\">\n\t\t\t<div class=\"elementor-video\"><\/div>\t\t<\/div>\n\t\t\t\t\t\t<\/div>\n\t\t\t\t\t<\/div>\n\t\t\t\t<\/div>\n\t\t\t\t<\/div>\n\t\t","protected":false},"excerpt":{"rendered":"<p>CONTACTO CONTACTO SU \u00c9XITO COMIENZA CON UN HOLA En El Triunfo le ayudamos a organizar de forma efectiva sus finanzas y a alcanzar con confianza sus objetivos personales y empresariales. Ya sea que requiera una consulta puntual para resolver una duda espec\u00edfica o una asesor\u00eda...<\/p>","protected":false},"author":3,"featured_media":0,"parent":0,"menu_order":0,"comment_status":"closed","ping_status":"open","template":"","meta":{"footnotes":""},"class_list":["post-6522","page","type-page","status-publish","hentry"],"_links":{"self":[{"href":"https:\/\/eltriunfo.com\/en\/wp-json\/wp\/v2\/pages\/6522","targetHints":{"allow":["GET"]}}],"collection":[{"href":"https:\/\/eltriunfo.com\/en\/wp-json\/wp\/v2\/pages"}],"about":[{"href":"https:\/\/eltriunfo.com\/en\/wp-json\/wp\/v2\/types\/page"}],"author":[{"embeddable":true,"href":"https:\/\/eltriunfo.com\/en\/wp-json\/wp\/v2\/users\/3"}],"replies":[{"embeddable":true,"href":"https:\/\/eltriunfo.com\/en\/wp-json\/wp\/v2\/comments?post=6522"}],"version-history":[{"count":3,"href":"https:\/\/eltriunfo.com\/en\/wp-json\/wp\/v2\/pages\/6522\/revisions"}],"predecessor-version":[{"id":15820,"href":"https:\/\/eltriunfo.com\/en\/wp-json\/wp\/v2\/pages\/6522\/revisions\/15820"}],"wp:attachment":[{"href":"https:\/\/eltriunfo.com\/en\/wp-json\/wp\/v2\/media?parent=6522"}],"curies":[{"name":"wp","href":"https:\/\/api.w.org\/{rel}","templated":true}]}}